{"id":1826,"date":"2025-04-08T19:14:38","date_gmt":"2025-04-08T19:14:38","guid":{"rendered":"https:\/\/chandranaturopatia.ch\/?page_id=1826"},"modified":"2025-04-08T19:20:35","modified_gmt":"2025-04-08T19:20:35","slug":"cookie-policy","status":"publish","type":"page","link":"https:\/\/chandranaturopatia.ch\/fr\/cookie-policy\/","title":{"rendered":"Politique relative aux cookies"},"content":{"rendered":"<div data-elementor-type=\"wp-page\" data-elementor-id=\"1826\" class=\"elementor elementor-1826\">\n\t\t\t\t<div class=\"elementor-element elementor-element-23x1quia twbb_section e-flex e-con-boxed e-con e-parent\" data-id=\"23x1quia\" data-element_type=\"container\" data-e-type=\"container\">\n\t\t\t\t\t<div class=\"e-con-inner\">\n\t\t\t\t<div class=\"elementor-element elementor-element-qgdfap2y elementor-widget__width-initial elementor-widget-mobile__width-inherit elementor-widget-tablet__width-initial elementor-invisible elementor-widget elementor-widget-heading\" data-id=\"qgdfap2y\" data-element_type=\"widget\" data-e-type=\"widget\" data-settings=\"{&quot;_animation&quot;:&quot;fadeInUp&quot;}\" data-widget_type=\"heading.default\">\n\t\t\t\t<div class=\"elementor-widget-container\">\n\t\t\t\t\t<h1 class=\"elementor-heading-title elementor-size-default\">Politique relative aux cookies<\/h1>\t\t\t\t<\/div>\n\t\t\t\t<\/div>\n\t\t\t\t\t<\/div>\n\t\t\t\t<\/div>\n\t\t<div class=\"elementor-element elementor-element-0ihm3r8h twbb_section e-flex e-con-boxed e-con e-parent\" data-id=\"0ihm3r8h\" data-element_type=\"container\" data-e-type=\"container\">\n\t\t\t\t\t<div class=\"e-con-inner\">\n\t\t\t\t<div class=\"elementor-element elementor-element-4c9dg2lc elementor-widget__width-initial elementor-widget-mobile__width-inherit elementor-widget-tablet__width-initial elementor-invisible elementor-widget elementor-widget-text-editor\" data-id=\"4c9dg2lc\" data-element_type=\"widget\" data-e-type=\"widget\" data-settings=\"{&quot;_animation&quot;:&quot;fadeInUp&quot;}\" data-widget_type=\"text-editor.default\">\n\t\t\t\t<div class=\"elementor-widget-container\">\n\t\t\t\t\t\t\t\t\t<p><strong>Derni\u00e8re mise \u00e0 jour\u00a0: 7 avril 2025<\/strong><\/p><p>Cette politique relative aux cookies explique ce que sont les cookies et comment nous les utilisons sur le site. <a href=\"https:\/\/chandranaturopatia.ch\/fr\/\">www.chandranaturopatia.ch<\/a>.<\/p><h3>1. Que sont les cookies ?<\/h3><p>Les cookies sont de petits fichiers texte envoy\u00e9s \u00e0 votre navigateur par les sites Web que vous visitez. Ils sont utilis\u00e9s pour am\u00e9liorer votre exp\u00e9rience, stocker des pr\u00e9f\u00e9rences ou collecter des donn\u00e9es statistiques anonymes.<\/p><ul><li><strong>Cookies techniques<\/strong>:n\u00e9cessaires au fonctionnement du site.<\/li><li><strong>Cookies analytiques<\/strong>:pour collecter des donn\u00e9es statistiques de mani\u00e8re anonyme.<\/li><li><strong>Cookies tiers<\/strong>:install\u00e9 par des outils externes tels que Google, YouTube, Facebook.<\/li><\/ul><h3>2. Cookies utilis\u00e9s sur ce site<\/h3><table style=\"width: 100%; border-collapse: collapse; border: 1px solid #000;\"><thead><tr style=\"background-color: #f2f2f2;\"><th style=\"border: 1px solid #000; padding: 6px;\">Nom<\/th><th style=\"border: 1px solid #000; padding: 6px;\">Taper<\/th><th style=\"border: 1px solid #000; padding: 6px;\">But<\/th><th style=\"border: 1px solid #000; padding: 6px;\">Dur\u00e9e<\/th><th style=\"border: 1px solid #000; padding: 6px;\">Fournisseur<\/th><\/tr><\/thead><tbody><tr><td style=\"border: 1px solid #000; padding: 6px;\">\u00c9l\u00e9mentor<\/td><td style=\"border: 1px solid #000; padding: 6px;\">Technicien<\/td><td style=\"border: 1px solid #000; padding: 6px;\">Stocker les param\u00e8tres utilisateur dans le g\u00e9n\u00e9rateur<\/td><td style=\"border: 1px solid #000; padding: 6px;\">Persistant<\/td><td style=\"border: 1px solid #000; padding: 6px;\">WordPress<\/td><\/tr><tr><td style=\"border: 1px solid #000; padding: 6px;\">_G\u00e9orgie<\/td><td style=\"border: 1px solid #000; padding: 6px;\">Analytique<\/td><td style=\"border: 1px solid #000; padding: 6px;\">Statistiques de navigation<\/td><td style=\"border: 1px solid #000; padding: 6px;\">2 ans<\/td><td style=\"border: 1px solid #000; padding: 6px;\">Google<\/td><\/tr><tr><td style=\"border: 1px solid #000; padding: 6px;\">_gid<\/td><td style=\"border: 1px solid #000; padding: 6px;\">Analytique<\/td><td style=\"border: 1px solid #000; padding: 6px;\">Distingue les utilisateurs<\/td><td style=\"border: 1px solid #000; padding: 6px;\">24 heures<\/td><td style=\"border: 1px solid #000; padding: 6px;\">Google<\/td><\/tr><tr><td style=\"border: 1px solid #000; padding: 6px;\">_chat<\/td><td style=\"border: 1px solid #000; padding: 6px;\">Analytique<\/td><td style=\"border: 1px solid #000; padding: 6px;\">Limitation de la fr\u00e9quence des demandes<\/td><td style=\"border: 1px solid #000; padding: 6px;\">1 minute<\/td><td style=\"border: 1px solid #000; padding: 6px;\">Google<\/td><\/tr><tr><td style=\"border: 1px solid #000; padding: 6px;\">cookiesoui-consentement<\/td><td style=\"border: 1px solid #000; padding: 6px;\">Technicien<\/td><td style=\"border: 1px solid #000; padding: 6px;\">Enregistrer les pr\u00e9f\u00e9rences en mati\u00e8re de cookies<\/td><td style=\"border: 1px solid #000; padding: 6px;\">1 an<\/td><td style=\"border: 1px solid #000; padding: 6px;\">CookiesOui<\/td><\/tr><\/tbody><\/table><h3>3. Gestion des cookies<\/h3><p>Vous pouvez modifier vos pr\u00e9f\u00e9rences \u00e0 tout moment via la banni\u00e8re cookie ou via les param\u00e8tres de votre navigateur.<\/p><h3>4. H\u00e9bergement de sites Web<\/h3><p>Le site est h\u00e9berg\u00e9 sur <strong>Plateforme Google Cloud<\/strong>, avec des serveurs situ\u00e9s en Europe. Les donn\u00e9es sont trait\u00e9es dans le respect des normes de s\u00e9curit\u00e9.<\/p><h3>5. Modifications<\/h3><p>Cette politique en mati\u00e8re de cookies peut \u00eatre mise \u00e0 jour. Tout changement sera visible sur cette page.<\/p>\t\t\t\t\t\t\t\t<\/div>\n\t\t\t\t<\/div>\n\t\t\t\t\t<\/div>\n\t\t\t\t<\/div>\n\t\t\t\t<\/div>","protected":false},"excerpt":{"rendered":"<p>Cookie Policy Ultimo aggiornamento: 7 aprile 2025 Questa Cookie Policy spiega cosa sono i cookie e come li utilizziamo sul sito www.chandranaturopatia.ch. 1. Cosa sono i cookie I cookie sono piccoli file di testo inviati al tuo browser dai siti web visitati. Servono a migliorare la tua esperienza, memorizzare preferenze o raccogliere dati statistici anonimi. [&hellip;]<\/p>\n","protected":false},"author":2,"featured_media":0,"parent":0,"menu_order":0,"comment_status":"closed","ping_status":"closed","template":"","meta":{"two_page_speed":[],"footnotes":""},"class_list":["post-1826","page","type-page","status-publish","hentry"],"_links":{"self":[{"href":"https:\/\/chandranaturopatia.ch\/fr\/wp-json\/wp\/v2\/pages\/1826","targetHints":{"allow":["GET"]}}],"collection":[{"href":"https:\/\/chandranaturopatia.ch\/fr\/wp-json\/wp\/v2\/pages"}],"about":[{"href":"https:\/\/chandranaturopatia.ch\/fr\/wp-json\/wp\/v2\/types\/page"}],"author":[{"embeddable":true,"href":"https:\/\/chandranaturopatia.ch\/fr\/wp-json\/wp\/v2\/users\/2"}],"replies":[{"embeddable":true,"href":"https:\/\/chandranaturopatia.ch\/fr\/wp-json\/wp\/v2\/comments?post=1826"}],"version-history":[{"count":0,"href":"https:\/\/chandranaturopatia.ch\/fr\/wp-json\/wp\/v2\/pages\/1826\/revisions"}],"wp:attachment":[{"href":"https:\/\/chandranaturopatia.ch\/fr\/wp-json\/wp\/v2\/media?parent=1826"}],"curies":[{"name":"wp","href":"https:\/\/api.w.org\/{rel}","templated":true}]}}