{"id":168,"date":"2025-03-02T21:36:24","date_gmt":"2025-03-02T21:36:24","guid":{"rendered":"https:\/\/chandranaturopatia.ch\/blog\/"},"modified":"2025-06-26T16:42:11","modified_gmt":"2025-06-26T16:42:11","slug":"blog","status":"publish","type":"page","link":"https:\/\/chandranaturopatia.ch\/fr\/blog\/","title":{"rendered":"Blog"},"content":{"rendered":"<div data-elementor-type=\"wp-page\" data-elementor-id=\"168\" class=\"elementor elementor-168\">\n\t\t\t\t<div class=\"elementor-element elementor-element-gbk9rwtz twbb_section e-flex e-con-boxed e-con e-parent\" data-id=\"gbk9rwtz\" data-element_type=\"container\" data-e-type=\"container\" id=\"latest-blog-posts\">\n\t\t\t\t\t<div class=\"e-con-inner\">\n\t\t<div class=\"elementor-element elementor-element-bxt9sxfy e-con-full e-flex e-con e-child\" data-id=\"bxt9sxfy\" data-element_type=\"container\" data-e-type=\"container\">\n\t\t<div class=\"elementor-element elementor-element-np62fucp e-con-full e-flex e-con e-child\" data-id=\"np62fucp\" data-element_type=\"container\" data-e-type=\"container\">\n\t\t\t\t<div class=\"elementor-element elementor-element-f11sqew8 elementor-widget__width-initial elementor-widget-mobile__width-inherit elementor-widget-tablet__width-initial elementor-invisible elementor-widget elementor-widget-heading\" data-id=\"f11sqew8\" data-element_type=\"widget\" data-e-type=\"widget\" data-settings=\"{&quot;_animation&quot;:&quot;fadeInUp&quot;}\" data-widget_type=\"heading.default\">\n\t\t\t\t<div class=\"elementor-widget-container\">\n\t\t\t\t\t<h2 class=\"elementor-heading-title elementor-size-default\">Guides, tutoriels et actualit\u00e9s<\/h2>\t\t\t\t<\/div>\n\t\t\t\t<\/div>\n\t\t\t\t<\/div>\n\t\t\t\t<\/div>\n\t\t\t\t<div class=\"elementor-element elementor-element-r2tbhh9e elementor-widget__width-initial elementor-widget-mobile__width-inherit elementor-widget-tablet__width-initial twbb_slider_options_changed-default elementor-grid-3 elementor-grid-tablet-2 elementor-grid-mobile-1 elementor-posts--thumbnail-top elementor-posts--thumbnail-tablet-top elementor-posts--thumbnail-mobile-top elementor-card-shadow-yes elementor-posts__hover-gradient elementor-widget elementor-widget-tenweb-posts\" data-id=\"r2tbhh9e\" data-element_type=\"widget\" data-e-type=\"widget\" data-settings=\"{&quot;pagination_type&quot;:&quot;load_more_infinite_scroll&quot;,&quot;cards_slides_view&quot;:&quot;no&quot;,&quot;cards_columns&quot;:&quot;3&quot;,&quot;cards_columns_tablet&quot;:&quot;2&quot;,&quot;cards_columns_mobile&quot;:&quot;1&quot;,&quot;cards_thumbnail&quot;:&quot;top&quot;,&quot;cards_thumbnail_tablet&quot;:&quot;top&quot;,&quot;cards_thumbnail_mobile&quot;:&quot;top&quot;,&quot;cards_column_gap&quot;:{&quot;unit&quot;:&quot;px&quot;,&quot;size&quot;:30,&quot;sizes&quot;:[]},&quot;cards_column_gap_tablet&quot;:{&quot;unit&quot;:&quot;px&quot;,&quot;size&quot;:&quot;&quot;,&quot;sizes&quot;:[]},&quot;cards_column_gap_mobile&quot;:{&quot;unit&quot;:&quot;px&quot;,&quot;size&quot;:&quot;&quot;,&quot;sizes&quot;:[]},&quot;cards_row_gap&quot;:{&quot;unit&quot;:&quot;px&quot;,&quot;size&quot;:35,&quot;sizes&quot;:[]},&quot;cards_row_gap_tablet&quot;:{&quot;unit&quot;:&quot;px&quot;,&quot;size&quot;:&quot;&quot;,&quot;sizes&quot;:[]},&quot;cards_row_gap_mobile&quot;:{&quot;unit&quot;:&quot;px&quot;,&quot;size&quot;:&quot;&quot;,&quot;sizes&quot;:[]},&quot;load_more_spinner&quot;:{&quot;value&quot;:&quot;fas fa-spinner&quot;,&quot;library&quot;:&quot;fa-solid&quot;}}\" data-widget_type=\"tenweb-posts.cards\">\n\t\t\t\t<div class=\"elementor-widget-container\">\n\t\t\t\t\t            <div data-skin=\"cards \" class=\"elementor-posts-container elementor-posts elementor-posts--skin-cards elementor-grid\">\n                    <article class=\"elementor-post elementor-grid-item post-7 post type-post status-publish format-standard has-post-thumbnail hentry category-uncategorized\">\n\t\t\t<div class=\"elementor-post__card\">\n\t\t\t\t<a class=\"elementor-post__thumbnail__link\" href=\"https:\/\/chandranaturopatia.ch\/fr\/intestino-mente-equilibrio-naturopatia-lugano\/\" tabindex=\"-1\" ><div class=\"elementor-post__thumbnail\"><img fetchpriority=\"high\" decoding=\"async\" width=\"300\" height=\"169\" src=\"https:\/\/chandranaturopatia.ch\/wp-content\/uploads\/2025\/04\/Still-2025-04-06-211940_1.12.1-300x169.jpg\" class=\"attachment-medium size-medium wp-image-1639\" alt=\"\" srcset=\"https:\/\/chandranaturopatia.ch\/wp-content\/uploads\/2025\/04\/Still-2025-04-06-211940_1.12.1-300x169.jpg 300w, https:\/\/chandranaturopatia.ch\/wp-content\/uploads\/2025\/04\/Still-2025-04-06-211940_1.12.1-1024x576.jpg 1024w, https:\/\/chandranaturopatia.ch\/wp-content\/uploads\/2025\/04\/Still-2025-04-06-211940_1.12.1-768x432.jpg 768w, https:\/\/chandranaturopatia.ch\/wp-content\/uploads\/2025\/04\/Still-2025-04-06-211940_1.12.1-1536x864.jpg 1536w, https:\/\/chandranaturopatia.ch\/wp-content\/uploads\/2025\/04\/Still-2025-04-06-211940_1.12.1-600x338.jpg 600w, https:\/\/chandranaturopatia.ch\/wp-content\/uploads\/2025\/04\/Still-2025-04-06-211940_1.12.1.jpg 1920w\" sizes=\"(max-width: 300px) 100vw, 300px\" \/><\/div><\/a>\n\t\t\t\t<div class=\"elementor-post__text\">\n\t\t\t\t<h3 class=\"elementor-post__title\">\n\t\t\t<a href=\"https:\/\/chandranaturopatia.ch\/fr\/intestino-mente-equilibrio-naturopatia-lugano\/\" >\n\t\t\t\tIntestin et esprit : comment trouver l&#039;\u00e9quilibre avec la naturopathie \u00e0 Lugano\t\t\t<\/a>\n\t\t<\/h3>\n\t\t\t\t<div class=\"elementor-post__excerpt\">\n\t\t\t<p>D\u00e9couvrez comment la naturopathie \u00e0 Lugano peut vous aider \u00e0 r\u00e9\u00e9quilibrer l&#039;axe intestin-cerveau. Nutrition, phytoth\u00e9rapie, r\u00e9flexologie et techniques naturelles pour votre bien-\u00eatre.<\/p>\n\t\t<\/div>\n\t\t\t\t<\/div>\n\t\t\t\t\t<\/div>\n\t\t<\/article>\n\t\t        <article class=\"elementor-post elementor-grid-item post-2140 post type-post status-publish format-standard has-post-thumbnail hentry category-uncategorized\">\n\t\t\t<div class=\"elementor-post__card\">\n\t\t\t\t<a class=\"elementor-post__thumbnail__link\" href=\"https:\/\/chandranaturopatia.ch\/fr\/digital-detox-naturopatia-lugano\/\" tabindex=\"-1\" ><div class=\"elementor-post__thumbnail\"><img decoding=\"async\" width=\"300\" height=\"200\" src=\"https:\/\/chandranaturopatia.ch\/wp-content\/uploads\/2025\/04\/WhatsApp-Image-2025-04-09-at-08.36.11-300x200.png\" class=\"attachment-medium size-medium wp-image-1919\" alt=\"\" srcset=\"https:\/\/chandranaturopatia.ch\/wp-content\/uploads\/2025\/04\/WhatsApp-Image-2025-04-09-at-08.36.11-300x200.png 300w, https:\/\/chandranaturopatia.ch\/wp-content\/uploads\/2025\/04\/WhatsApp-Image-2025-04-09-at-08.36.11-1024x683.png 1024w, https:\/\/chandranaturopatia.ch\/wp-content\/uploads\/2025\/04\/WhatsApp-Image-2025-04-09-at-08.36.11-768x512.png 768w, https:\/\/chandranaturopatia.ch\/wp-content\/uploads\/2025\/04\/WhatsApp-Image-2025-04-09-at-08.36.11-600x400.png 600w, https:\/\/chandranaturopatia.ch\/wp-content\/uploads\/2025\/04\/WhatsApp-Image-2025-04-09-at-08.36.11.png 1536w\" sizes=\"(max-width: 300px) 100vw, 300px\" \/><\/div><\/a>\n\t\t\t\t<div class=\"elementor-post__text\">\n\t\t\t\t<h3 class=\"elementor-post__title\">\n\t\t\t<a href=\"https:\/\/chandranaturopatia.ch\/fr\/digital-detox-naturopatia-lugano\/\" >\n\t\t\t\tD\u00e9tox num\u00e9rique et naturopathie \u00e0 Lugano\u00a0: comment d\u00e9toxifier votre corps et votre esprit de la d\u00e9pendance aux \u00e9crans\t\t\t<\/a>\n\t\t<\/h3>\n\t\t\t\t<div class=\"elementor-post__excerpt\">\n\t\t\t<p>D\u00e9couvrez comment la naturopathie \u00e0 Lugano peut vous accompagner dans une d\u00e9tox num\u00e9rique naturelle. R\u00e9flexologie, fleurs de Bach, nutrition et techniques pour d\u00e9connecter et retrouver l&#039;\u00e9quilibre.<\/p>\n\t\t<\/div>\n\t\t\t\t<\/div>\n\t\t\t\t\t<\/div>\n\t\t<\/article>\n\t\t        <article class=\"elementor-post elementor-grid-item post-5 post type-post status-publish format-standard has-post-thumbnail hentry category-uncategorized\">\n\t\t\t<div class=\"elementor-post__card\">\n\t\t\t\t<a class=\"elementor-post__thumbnail__link\" href=\"https:\/\/chandranaturopatia.ch\/fr\/anamnesi-facciale-naturopatia-lugano\/\" tabindex=\"-1\" ><div class=\"elementor-post__thumbnail\"><img decoding=\"async\" width=\"300\" height=\"169\" src=\"https:\/\/chandranaturopatia.ch\/wp-content\/uploads\/2025\/04\/Still-2025-04-06-211940_1.3.1-300x169.jpg\" class=\"attachment-medium size-medium wp-image-1630\" alt=\"\" srcset=\"https:\/\/chandranaturopatia.ch\/wp-content\/uploads\/2025\/04\/Still-2025-04-06-211940_1.3.1-300x169.jpg 300w, https:\/\/chandranaturopatia.ch\/wp-content\/uploads\/2025\/04\/Still-2025-04-06-211940_1.3.1-1024x576.jpg 1024w, https:\/\/chandranaturopatia.ch\/wp-content\/uploads\/2025\/04\/Still-2025-04-06-211940_1.3.1-768x432.jpg 768w, https:\/\/chandranaturopatia.ch\/wp-content\/uploads\/2025\/04\/Still-2025-04-06-211940_1.3.1-1536x864.jpg 1536w, https:\/\/chandranaturopatia.ch\/wp-content\/uploads\/2025\/04\/Still-2025-04-06-211940_1.3.1-600x338.jpg 600w, https:\/\/chandranaturopatia.ch\/wp-content\/uploads\/2025\/04\/Still-2025-04-06-211940_1.3.1.jpg 1920w\" sizes=\"(max-width: 300px) 100vw, 300px\" \/><\/div><\/a>\n\t\t\t\t<div class=\"elementor-post__text\">\n\t\t\t\t<h3 class=\"elementor-post__title\">\n\t\t\t<a href=\"https:\/\/chandranaturopatia.ch\/fr\/anamnesi-facciale-naturopatia-lugano\/\" >\n\t\t\t\tNaturopathie \u00e0 Lugano : la m\u00e9thode qui lit votre sant\u00e9 sur votre visage avant l&#039;apparition des sympt\u00f4mes\t\t\t<\/a>\n\t\t<\/h3>\n\t\t\t\t<div class=\"elementor-post__excerpt\">\n\t\t\t<p>D\u00e9couvrez l&#039;anamn\u00e8se faciale en naturopathie\u00a0: comment interpr\u00e9ter les signaux faciaux pour comprendre l&#039;\u00e9tat de sant\u00e9 avant l&#039;apparition des sympt\u00f4mes. Studio \u00e0 Lugano.<\/p>\n\t\t<\/div>\n\t\t\t\t<\/div>\n\t\t\t\t\t<\/div>\n\t\t<\/article>\n\t\t        <article class=\"elementor-post elementor-grid-item post-4 post type-post status-publish format-standard has-post-thumbnail hentry category-uncategorized\">\n\t\t\t<div class=\"elementor-post__card\">\n\t\t\t\t<a class=\"elementor-post__thumbnail__link\" href=\"https:\/\/chandranaturopatia.ch\/fr\/disturbi-naturopatia-lugano\/\" tabindex=\"-1\" ><div class=\"elementor-post__thumbnail\"><img loading=\"lazy\" decoding=\"async\" width=\"300\" height=\"169\" src=\"https:\/\/chandranaturopatia.ch\/wp-content\/uploads\/2025\/04\/Still-2025-04-06-211940_1.13.1-300x169.jpg\" class=\"attachment-medium size-medium wp-image-1640\" alt=\"\" srcset=\"https:\/\/chandranaturopatia.ch\/wp-content\/uploads\/2025\/04\/Still-2025-04-06-211940_1.13.1-300x169.jpg 300w, https:\/\/chandranaturopatia.ch\/wp-content\/uploads\/2025\/04\/Still-2025-04-06-211940_1.13.1-1024x576.jpg 1024w, https:\/\/chandranaturopatia.ch\/wp-content\/uploads\/2025\/04\/Still-2025-04-06-211940_1.13.1-768x432.jpg 768w, https:\/\/chandranaturopatia.ch\/wp-content\/uploads\/2025\/04\/Still-2025-04-06-211940_1.13.1-1536x864.jpg 1536w, https:\/\/chandranaturopatia.ch\/wp-content\/uploads\/2025\/04\/Still-2025-04-06-211940_1.13.1-600x338.jpg 600w, https:\/\/chandranaturopatia.ch\/wp-content\/uploads\/2025\/04\/Still-2025-04-06-211940_1.13.1.jpg 1920w\" sizes=\"(max-width: 300px) 100vw, 300px\" \/><\/div><\/a>\n\t\t\t\t<div class=\"elementor-post__text\">\n\t\t\t\t<h3 class=\"elementor-post__title\">\n\t\t\t<a href=\"https:\/\/chandranaturopatia.ch\/fr\/disturbi-naturopatia-lugano\/\" >\n\t\t\t\tAffections courantes pouvant \u00eatre trait\u00e9es par la naturopathie\u00a0: exp\u00e9rience de mon cabinet \u00e0 Lugano\t\t\t<\/a>\n\t\t<\/h3>\n\t\t\t\t<div class=\"elementor-post__excerpt\">\n\t\t\t<p>D\u00e9couvrez les troubles courants qui peuvent \u00eatre trait\u00e9s efficacement par la naturopathie\u00a0: stress, anxi\u00e9t\u00e9, troubles digestifs, d\u00e9s\u00e9quilibres hormonaux et bien plus encore. Exp\u00e9rience directe du cabinet de Lugano.<\/p>\n\t\t<\/div>\n\t\t\t\t<\/div>\n\t\t\t\t\t<\/div>\n\t\t<\/article>\n\t\t        <article class=\"elementor-post elementor-grid-item post-3 post type-post status-publish format-standard has-post-thumbnail hentry category-uncategorized\">\n\t\t\t<div class=\"elementor-post__card\">\n\t\t\t\t<a class=\"elementor-post__thumbnail__link\" href=\"https:\/\/chandranaturopatia.ch\/fr\/medicina-naturale-lugano-trattamenti\/\" tabindex=\"-1\" ><div class=\"elementor-post__thumbnail\"><img loading=\"lazy\" decoding=\"async\" width=\"300\" height=\"169\" src=\"https:\/\/chandranaturopatia.ch\/wp-content\/uploads\/2025\/04\/argilla1_matched-300x169.jpg\" class=\"attachment-medium size-medium wp-image-2031\" alt=\"\" srcset=\"https:\/\/chandranaturopatia.ch\/wp-content\/uploads\/2025\/04\/argilla1_matched-300x169.jpg 300w, https:\/\/chandranaturopatia.ch\/wp-content\/uploads\/2025\/04\/argilla1_matched-1024x576.jpg 1024w, https:\/\/chandranaturopatia.ch\/wp-content\/uploads\/2025\/04\/argilla1_matched-768x432.jpg 768w, https:\/\/chandranaturopatia.ch\/wp-content\/uploads\/2025\/04\/argilla1_matched-1536x864.jpg 1536w, https:\/\/chandranaturopatia.ch\/wp-content\/uploads\/2025\/04\/argilla1_matched-600x338.jpg 600w, https:\/\/chandranaturopatia.ch\/wp-content\/uploads\/2025\/04\/argilla1_matched.jpg 2048w\" sizes=\"(max-width: 300px) 100vw, 300px\" \/><\/div><\/a>\n\t\t\t\t<div class=\"elementor-post__text\">\n\t\t\t\t<h3 class=\"elementor-post__title\">\n\t\t\t<a href=\"https:\/\/chandranaturopatia.ch\/fr\/medicina-naturale-lugano-trattamenti\/\" >\n\t\t\t\tM\u00e9decine naturelle \u00e0 Lugano : d\u00e9couvrez tous les traitements et parcours propos\u00e9s au centre Chandra Olivieri\t\t\t<\/a>\n\t\t<\/h3>\n\t\t\t\t<div class=\"elementor-post__excerpt\">\n\t\t\t<p>D\u00e9couvrez tous les soins de m\u00e9decine naturelle propos\u00e9s \u00e0 Lugano au centre Chandra Olivieri : naturopathie, r\u00e9flexologie, phytoth\u00e9rapie, massages et programmes personnalis\u00e9s.<\/p>\n\t\t<\/div>\n\t\t\t\t<\/div>\n\t\t\t\t\t<\/div>\n\t\t<\/article>\n\t\t        <article class=\"elementor-post elementor-grid-item post-2 post type-post status-publish format-standard has-post-thumbnail hentry category-uncategorized\">\n\t\t\t<div class=\"elementor-post__card\">\n\t\t\t\t<a class=\"elementor-post__thumbnail__link\" href=\"https:\/\/chandranaturopatia.ch\/fr\/riflessologia-plantare-lugano-benefici\/\" tabindex=\"-1\" ><div class=\"elementor-post__thumbnail\"><img loading=\"lazy\" decoding=\"async\" width=\"300\" height=\"169\" src=\"https:\/\/chandranaturopatia.ch\/wp-content\/uploads\/2025\/04\/Still-2025-04-06-211940_1.21.1-300x169.jpg\" class=\"attachment-medium size-medium wp-image-1647\" alt=\"\" srcset=\"https:\/\/chandranaturopatia.ch\/wp-content\/uploads\/2025\/04\/Still-2025-04-06-211940_1.21.1-300x169.jpg 300w, https:\/\/chandranaturopatia.ch\/wp-content\/uploads\/2025\/04\/Still-2025-04-06-211940_1.21.1-1024x576.jpg 1024w, https:\/\/chandranaturopatia.ch\/wp-content\/uploads\/2025\/04\/Still-2025-04-06-211940_1.21.1-768x432.jpg 768w, https:\/\/chandranaturopatia.ch\/wp-content\/uploads\/2025\/04\/Still-2025-04-06-211940_1.21.1-1536x864.jpg 1536w, https:\/\/chandranaturopatia.ch\/wp-content\/uploads\/2025\/04\/Still-2025-04-06-211940_1.21.1-600x338.jpg 600w, https:\/\/chandranaturopatia.ch\/wp-content\/uploads\/2025\/04\/Still-2025-04-06-211940_1.21.1.jpg 1920w\" sizes=\"(max-width: 300px) 100vw, 300px\" \/><\/div><\/a>\n\t\t\t\t<div class=\"elementor-post__text\">\n\t\t\t\t<h3 class=\"elementor-post__title\">\n\t\t\t<a href=\"https:\/\/chandranaturopatia.ch\/fr\/riflessologia-plantare-lugano-benefici\/\" >\n\t\t\t\tR\u00e9flexologie plantaire \u00e0 Lugano : qu&#039;est-ce que c&#039;est, ses avantages r\u00e9els et pourquoi vous devriez l&#039;essayer au moins une fois\t\t\t<\/a>\n\t\t<\/h3>\n\t\t\t\t<div class=\"elementor-post__excerpt\">\n\t\t\t<p>La r\u00e9flexologie plantaire est une technique th\u00e9rapeutique naturelle qui stimule des points sp\u00e9cifiques du pied pour influencer positivement l&#039;ensemble du corps. D\u00e9couvrez ses bienfaits et r\u00e9servez \u00e0 Lugano.<\/p>\n\t\t<\/div>\n\t\t\t\t<\/div>\n\t\t\t\t\t<\/div>\n\t\t<\/article>\n\t\t\t\t<\/div>\n\t\t\t\t\t<span class=\"e-load-more-spinner\">\n\t\t\t\t<svg aria-hidden=\"true\" class=\"e-font-icon-svg e-fas-spinner\" viewbox=\"0 0 512 512\" xmlns=\"http:\/\/www.w3.org\/2000\/svg\"><path d=\"M304 48c0 26.51-21.49 48-48 48s-48-21.49-48-48 21.49-48 48-48 48 21.49 48 48zm-48 368c-26.51 0-48 21.49-48 48s21.49 48 48 48 48-21.49 48-48-21.49-48-48-48zm208-208c-26.51 0-48 21.49-48 48s21.49 48 48 48 48-21.49 48-48-21.49-48-48-48zM96 256c0-26.51-21.49-48-48-48S0 229.49 0 256s21.49 48 48 48 48-21.49 48-48zm12.922 99.078c-26.51 0-48 21.49-48 48s21.49 48 48 48 48-21.49 48-48c0-26.509-21.491-48-48-48zm294.156 0c-26.51 0-48 21.49-48 48s21.49 48 48 48 48-21.49 48-48c0-26.509-21.49-48-48-48zM108.922 60.922c-26.51 0-48 21.49-48 48s21.49 48 48 48 48-21.49 48-48-21.491-48-48-48z\"><\/path><\/svg>\t\t\t<\/span>\n\t\t\n\t\t\t\t<div class=\"e-load-more-anchor\" data-page=\"1\" data-max-page=\"2\" data-next-page=\"https:\/\/chandranaturopatia.ch\/fr\/wp-json\/wp\/v2\/pages\/168\/page\/2\/\"><\/div>\n\t\t\t\t<div class=\"e-load-more-message\"><\/div>\n\t\t\t\t\t\t<\/div>\n\t\t\t\t<\/div>\n\t\t\t\t\t<\/div>\n\t\t\t\t<\/div>\n\t\t\t\t<\/div>","protected":false},"excerpt":{"rendered":"<p>Guides, tutoriels et actualit\u00e9s<\/p>","protected":false},"author":0,"featured_media":0,"parent":0,"menu_order":0,"comment_status":"closed","ping_status":"publish","template":"","meta":{"two_page_speed":[],"footnotes":""},"class_list":["post-168","page","type-page","status-publish","hentry"],"_links":{"self":[{"href":"https:\/\/chandranaturopatia.ch\/fr\/wp-json\/wp\/v2\/pages\/168","targetHints":{"allow":["GET"]}}],"collection":[{"href":"https:\/\/chandranaturopatia.ch\/fr\/wp-json\/wp\/v2\/pages"}],"about":[{"href":"https:\/\/chandranaturopatia.ch\/fr\/wp-json\/wp\/v2\/types\/page"}],"replies":[{"embeddable":true,"href":"https:\/\/chandranaturopatia.ch\/fr\/wp-json\/wp\/v2\/comments?post=168"}],"version-history":[{"count":0,"href":"https:\/\/chandranaturopatia.ch\/fr\/wp-json\/wp\/v2\/pages\/168\/revisions"}],"wp:attachment":[{"href":"https:\/\/chandranaturopatia.ch\/fr\/wp-json\/wp\/v2\/media?parent=168"}],"curies":[{"name":"wp","href":"https:\/\/api.w.org\/{rel}","templated":true}]}}