{"id":1041,"date":"2025-03-23T14:21:46","date_gmt":"2025-03-23T14:21:46","guid":{"rendered":"https:\/\/chandranaturopatia.ch\/?page_id=1041"},"modified":"2025-04-21T08:39:26","modified_gmt":"2025-04-21T08:39:26","slug":"fiori-di-bach","status":"publish","type":"page","link":"https:\/\/chandranaturopatia.ch\/fr\/fiori-di-bach\/","title":{"rendered":"Fleurs de Bach"},"content":{"rendered":"\t\t<div data-elementor-type=\"wp-page\" data-elementor-id=\"1041\" class=\"elementor elementor-1041\">\n\t\t\t\t<div class=\"elementor-element elementor-element-665e6b49 twbb_section e-flex e-con-boxed e-con e-parent\" data-id=\"665e6b49\" data-element_type=\"container\" data-e-type=\"container\" data-settings=\"{&quot;background_background&quot;:&quot;classic&quot;}\">\n\t\t\t\t\t<div class=\"e-con-inner\">\n\t\t<div class=\"elementor-element elementor-element-731a3c55 e-con-full e-flex e-con e-child\" data-id=\"731a3c55\" data-element_type=\"container\" data-e-type=\"container\">\n\t\t\t\t<div class=\"elementor-element elementor-element-4a93392a elementor-widget__width-initial elementor-widget-mobile__width-inherit elementor-widget-tablet__width-initial elementor-invisible elementor-widget elementor-widget-heading\" data-id=\"4a93392a\" data-element_type=\"widget\" data-e-type=\"widget\" data-settings=\"{&quot;_animation&quot;:&quot;fadeInUp&quot;}\" data-widget_type=\"heading.default\">\n\t\t\t\t<div class=\"elementor-widget-container\">\n\t\t\t\t\t<h2 class=\"elementor-heading-title elementor-size-default\">Fiori di Bach: L\u2019Ascolto delle Emozioni, il Riequilibrio Naturale<\/h2>\t\t\t\t<\/div>\n\t\t\t\t<\/div>\n\t\t\t\t<\/div>\n\t\t\t\t\t<\/div>\n\t\t\t\t<\/div>\n\t\t<div class=\"elementor-element elementor-element-eccd31 twbb_section twbb_multiple_benefits_293 e-flex e-con-boxed e-con e-parent\" data-id=\"eccd31\" data-element_type=\"container\" data-e-type=\"container\">\n\t\t\t\t\t<div class=\"e-con-inner\">\n\t\t<div class=\"elementor-element elementor-element-9a4cd1e e-con-full e-flex e-con e-child\" data-id=\"9a4cd1e\" data-element_type=\"container\" data-e-type=\"container\">\n\t\t\t\t<div class=\"elementor-element elementor-element-6045e63 elementor-widget__width-initial elementor-widget elementor-widget-text-editor\" data-id=\"6045e63\" data-element_type=\"widget\" data-e-type=\"widget\" data-widget_type=\"text-editor.default\">\n\t\t\t\t<div class=\"elementor-widget-container\">\n\t\t\t\t\t\t\t\t\t<p class=\"p1\" style=\"text-align: center;\"><strong>I Fiori di Bach sono rimedi vibrazionali che agiscono sulle emozioni, accompagnando con dolcezza la persona nei momenti di difficolt\u00e0. <\/strong><\/p><p class=\"p1\" style=\"text-align: center;\">Ogni miscela \u00e8 costruita su misura, dopo un colloquio profondo e rispettoso, in cui il cliente pu\u00f2 sentirsi accolto, ascoltato e compreso. Lavorano in sinergia con altre terapie naturali, sostenendo il percorso di trasformazione interiore.<\/p>\t\t\t\t\t\t\t\t<\/div>\n\t\t\t\t<\/div>\n\t\t\t\t<\/div>\n\t\t<div class=\"elementor-element elementor-element-e05eeb9 e-con-full e-flex e-con e-child\" data-id=\"e05eeb9\" data-element_type=\"container\" data-e-type=\"container\">\n\t\t\t\t<div class=\"elementor-element elementor-element-8ffc2b6 elementor-widget__width-initial elementor-widget-mobile__width-inherit elementor-widget-tablet__width-initial twbb_cta-button-wrapper-center twbb_cta-valign-align-top twbb_cta-position-image-top twbb_cta-tablet-position-image-top twbb_cta-mobile-position-image-top twbb_cta-button-wrapper-center twbb_cta-button-wrapper-center twbb_cta-position-button-bottom twbb_cta-tablet-position-button-bottom twbb_cta-mobile-position-button-bottom elementor-invisible elementor-widget elementor-widget-twbb_call-to-action\" data-id=\"8ffc2b6\" data-element_type=\"widget\" data-e-type=\"widget\" data-settings=\"{&quot;_animation&quot;:&quot;fadeInUp&quot;}\" data-widget_type=\"twbb_call-to-action.default\">\n\t\t\t\t<div class=\"elementor-widget-container\">\n\t\t\t\t\t    <a href=\"#\" class=\"twbb_cta-wrapper \">\n                  <div class=\"twbb_cta-image-background-wrapper\">\n          <span class=\"twbb_cta-image-background-overlay\"><\/span>\n                            <div class=\"twbb_cta-image-html-tag\">\n                                            <img decoding=\"async\" src=\"https:\/\/chandranaturopatia.ch\/wp-content\/uploads\/2025\/03\/image_5.webp\"  >\n                                    <\/div>\n                    <\/div>\n        <div class=\"twbb_cta-content-wrapper \">\n    <div class=\"twbb_cta-content-inner\">\n                <h5 class=\"twbb_cta-title\">Gestione delle emozioni intense o bloccate<\/h5>\n                    <div class=\"twbb_cta-description\">Aiutano a sciogliere paure, insicurezze, rabbia o tristezza, riportando equilibrio e serenit\u00e0.<\/div>\n              <\/div>\n    <div class=\"twbb_cta-button-wrapper\">\n        <div class=\"twbb_cta-buttons\">\n                        <\/div>\n    <\/div>\n  <\/div>\n        <\/a>\n\t\t\t\t<\/div>\n\t\t\t\t<\/div>\n\t\t\t\t<div class=\"elementor-element elementor-element-90a04bf elementor-widget__width-initial elementor-widget-mobile__width-inherit elementor-widget-tablet__width-initial twbb_cta-button-wrapper-center twbb_cta-valign-align-top twbb_cta-position-image-top twbb_cta-tablet-position-image-top twbb_cta-mobile-position-image-top twbb_cta-button-wrapper-center twbb_cta-button-wrapper-center twbb_cta-position-button-bottom twbb_cta-tablet-position-button-bottom twbb_cta-mobile-position-button-bottom elementor-invisible elementor-widget elementor-widget-twbb_call-to-action\" data-id=\"90a04bf\" data-element_type=\"widget\" data-e-type=\"widget\" data-settings=\"{&quot;_animation&quot;:&quot;fadeInUp&quot;}\" data-widget_type=\"twbb_call-to-action.default\">\n\t\t\t\t<div class=\"elementor-widget-container\">\n\t\t\t\t\t    <a href=\"#\" class=\"twbb_cta-wrapper \">\n                  <div class=\"twbb_cta-image-background-wrapper\">\n          <span class=\"twbb_cta-image-background-overlay\"><\/span>\n                            <div class=\"twbb_cta-image-html-tag\">\n                                            <img decoding=\"async\" src=\"https:\/\/chandranaturopatia.ch\/wp-content\/uploads\/2025\/03\/image_9.webp\"  >\n                                    <\/div>\n                    <\/div>\n        <div class=\"twbb_cta-content-wrapper \">\n    <div class=\"twbb_cta-content-inner\">\n                <h5 class=\"twbb_cta-title\">Sostegno nei momenti di cambiamento<\/h5>\n                    <div class=\"twbb_cta-description\">Facilitano l\u2019adattamento a nuove fasi della vita (lutti, separazioni, traslochi, cicli ormonali\u2026).<\/div>\n              <\/div>\n    <div class=\"twbb_cta-button-wrapper\">\n        <div class=\"twbb_cta-buttons\">\n                        <\/div>\n    <\/div>\n  <\/div>\n        <\/a>\n\t\t\t\t<\/div>\n\t\t\t\t<\/div>\n\t\t\t\t<div class=\"elementor-element elementor-element-bfd1c58 elementor-widget__width-initial elementor-widget-mobile__width-inherit elementor-widget-tablet__width-initial twbb_cta-button-wrapper-center twbb_cta-valign-align-top twbb_cta-position-image-top twbb_cta-tablet-position-image-top twbb_cta-mobile-position-image-top twbb_cta-button-wrapper-center twbb_cta-button-wrapper-center twbb_cta-position-button-bottom twbb_cta-tablet-position-button-bottom twbb_cta-mobile-position-button-bottom elementor-invisible elementor-widget elementor-widget-twbb_call-to-action\" data-id=\"bfd1c58\" data-element_type=\"widget\" data-e-type=\"widget\" data-settings=\"{&quot;_animation&quot;:&quot;fadeInUp&quot;}\" data-widget_type=\"twbb_call-to-action.default\">\n\t\t\t\t<div class=\"elementor-widget-container\">\n\t\t\t\t\t    <a href=\"#\" class=\"twbb_cta-wrapper \">\n                  <div class=\"twbb_cta-image-background-wrapper\">\n          <span class=\"twbb_cta-image-background-overlay\"><\/span>\n                            <div class=\"twbb_cta-image-html-tag\">\n                                            <img decoding=\"async\" src=\"https:\/\/chandranaturopatia.ch\/wp-content\/uploads\/2025\/03\/image_4-2.webp\"  >\n                                    <\/div>\n                    <\/div>\n        <div class=\"twbb_cta-content-wrapper \">\n    <div class=\"twbb_cta-content-inner\">\n                <h5 class=\"twbb_cta-title\">Rinforzo della centratura e della chiarezza interiore<\/h5>\n                    <div class=\"twbb_cta-description\">Migliorano il rapporto con s\u00e9 stessi, favorendo la fiducia, la presenza e l\u2019autenticit\u00e0.<\/div>\n              <\/div>\n    <div class=\"twbb_cta-button-wrapper\">\n        <div class=\"twbb_cta-buttons\">\n                        <\/div>\n    <\/div>\n  <\/div>\n        <\/a>\n\t\t\t\t<\/div>\n\t\t\t\t<\/div>\n\t\t\t\t<div class=\"elementor-element elementor-element-3ee981e elementor-widget__width-initial elementor-widget-mobile__width-inherit elementor-widget-tablet__width-initial twbb_cta-button-wrapper-center twbb_cta-valign-align-top twbb_cta-position-image-top twbb_cta-tablet-position-image-top twbb_cta-mobile-position-image-top twbb_cta-button-wrapper-center twbb_cta-button-wrapper-center twbb_cta-position-button-bottom twbb_cta-tablet-position-button-bottom twbb_cta-mobile-position-button-bottom elementor-invisible elementor-widget elementor-widget-twbb_call-to-action\" data-id=\"3ee981e\" data-element_type=\"widget\" data-e-type=\"widget\" data-settings=\"{&quot;_animation&quot;:&quot;fadeInUp&quot;}\" data-widget_type=\"twbb_call-to-action.default\">\n\t\t\t\t<div class=\"elementor-widget-container\">\n\t\t\t\t\t    <a href=\"#\" class=\"twbb_cta-wrapper \">\n                  <div class=\"twbb_cta-image-background-wrapper\">\n          <span class=\"twbb_cta-image-background-overlay\"><\/span>\n                            <div class=\"twbb_cta-image-html-tag\">\n                                            <img decoding=\"async\" src=\"https:\/\/chandranaturopatia.ch\/wp-content\/uploads\/2025\/03\/image_0-1.webp\"  >\n                                    <\/div>\n                    <\/div>\n        <div class=\"twbb_cta-content-wrapper \">\n    <div class=\"twbb_cta-content-inner\">\n                <h5 class=\"twbb_cta-title\">Compatibilit\u00e0 con altri trattamenti naturali<\/h5>\n                    <div class=\"twbb_cta-description\">Possono essere utilizzati in sinergia con massaggi, riflessologia o fitoterapia, senza interferenze.<\/div>\n              <\/div>\n    <div class=\"twbb_cta-button-wrapper\">\n        <div class=\"twbb_cta-buttons\">\n                        <\/div>\n    <\/div>\n  <\/div>\n        <\/a>\n\t\t\t\t<\/div>\n\t\t\t\t<\/div>\n\t\t\t\t<\/div>\n\t\t\t\t\t<\/div>\n\t\t\t\t<\/div>\n\t\t<div class=\"elementor-element elementor-element-73175e1c twbb_section e-flex e-con-boxed e-con e-parent\" data-id=\"73175e1c\" data-element_type=\"container\" data-e-type=\"container\" data-settings=\"{&quot;background_background&quot;:&quot;classic&quot;,&quot;background_motion_fx_motion_fx_scrolling&quot;:&quot;yes&quot;,&quot;background_motion_fx_scale_effect&quot;:&quot;yes&quot;,&quot;background_motion_fx_scale_speed&quot;:{&quot;unit&quot;:&quot;px&quot;,&quot;size&quot;:7,&quot;sizes&quot;:[]},&quot;background_motion_fx_scale_direction&quot;:&quot;out-in&quot;,&quot;background_motion_fx_scale_range&quot;:{&quot;unit&quot;:&quot;%&quot;,&quot;size&quot;:&quot;&quot;,&quot;sizes&quot;:{&quot;start&quot;:20,&quot;end&quot;:80}},&quot;background_motion_fx_devices&quot;:[&quot;desktop&quot;,&quot;tablet&quot;,&quot;mobile&quot;]}\">\n\t\t\t\t\t<div class=\"e-con-inner\">\n\t\t\t\t<div class=\"elementor-element elementor-element-658b5908 elementor-widget__width-initial elementor-widget-mobile__width-inherit elementor-widget-tablet__width-initial elementor-invisible elementor-widget elementor-widget-heading\" data-id=\"658b5908\" data-element_type=\"widget\" data-e-type=\"widget\" data-settings=\"{&quot;_animation&quot;:&quot;fadeInUp&quot;}\" data-widget_type=\"heading.default\">\n\t\t\t\t<div class=\"elementor-widget-container\">\n\t\t\t\t\t<h2 class=\"elementor-heading-title elementor-size-default\">Chi pu\u00f2 beneficiare dei Fiori di Bach<\/h2>\t\t\t\t<\/div>\n\t\t\t\t<\/div>\n\t\t\t\t<div class=\"elementor-element elementor-element-77fd86fc elementor-widget__width-initial elementor-widget-mobile__width-inherit elementor-widget-tablet__width-initial elementor-invisible elementor-widget elementor-widget-text-editor\" data-id=\"77fd86fc\" data-element_type=\"widget\" data-e-type=\"widget\" data-settings=\"{&quot;_animation&quot;:&quot;fadeInUp&quot;}\" data-widget_type=\"text-editor.default\">\n\t\t\t\t<div class=\"elementor-widget-container\">\n\t\t\t\t\t\t\t\t\t<p class=\"p1\">Fiori di Bach sono ideali per chi attraversa momenti emotivamente intensi e sente il bisogno di ritrovare centratura e serenit\u00e0.<\/p>\t\t\t\t\t\t\t\t<\/div>\n\t\t\t\t<\/div>\n\t\t<div class=\"elementor-element elementor-element-3d9dc06d e-con-full e-grid e-con e-child\" data-id=\"3d9dc06d\" data-element_type=\"container\" data-e-type=\"container\">\n\t\t\t\t<div class=\"elementor-element elementor-element-e88afe4 elementor-widget__width-initial elementor-widget-mobile__width-inherit elementor-widget-tablet__width-initial elementor-view-default elementor-position-block-start elementor-mobile-position-block-start elementor-widget elementor-widget-icon-box\" data-id=\"e88afe4\" data-element_type=\"widget\" data-e-type=\"widget\" data-widget_type=\"icon-box.default\">\n\t\t\t\t<div class=\"elementor-widget-container\">\n\t\t\t\t\t\t\t<div class=\"elementor-icon-box-wrapper\">\n\n\t\t\t\t\t\t<div class=\"elementor-icon-box-icon\">\n\t\t\t\t<span  class=\"elementor-icon\">\n\t\t\t\t<svg aria-hidden=\"true\" class=\"e-font-icon-svg e-fas-heart-broken\" viewBox=\"0 0 512 512\" xmlns=\"http:\/\/www.w3.org\/2000\/svg\"><path d=\"M473.7 73.8l-2.4-2.5c-46-47-118-51.7-169.6-14.8L336 159.9l-96 64 48 128-144-144 96-64-28.6-86.5C159.7 19.6 87 24 40.7 71.4l-2.4 2.4C-10.4 123.6-12.5 202.9 31 256l212.1 218.6c7.1 7.3 18.6 7.3 25.7 0L481 255.9c43.5-53 41.4-132.3-7.3-182.1z\"><\/path><\/svg>\t\t\t\t<\/span>\n\t\t\t<\/div>\n\t\t\t\n\t\t\t\t\t\t<div class=\"elementor-icon-box-content\">\n\n\t\t\t\t\t\t\t\t\t<h4 class=\"elementor-icon-box-title\">\n\t\t\t\t\t\t<span  >\n\t\t\t\t\t\t\tLutto, separazioni o traumi emotivi\t\t\t\t\t\t<\/span>\n\t\t\t\t\t<\/h4>\n\t\t\t\t\n\t\t\t\t\t\t\t\t\t<p class=\"elementor-icon-box-description\">\n\t\t\t\t\t\tSostengono il cuore nei momenti di perdita, aiutando a elaborare e accogliere l\u2019esperienza.\t\t\t\t\t<\/p>\n\t\t\t\t\n\t\t\t<\/div>\n\t\t\t\n\t\t<\/div>\n\t\t\t\t\t\t<\/div>\n\t\t\t\t<\/div>\n\t\t\t\t<div class=\"elementor-element elementor-element-4ceec97a elementor-widget__width-initial elementor-widget-mobile__width-inherit elementor-widget-tablet__width-initial elementor-view-default elementor-position-block-start elementor-mobile-position-block-start elementor-widget elementor-widget-icon-box\" data-id=\"4ceec97a\" data-element_type=\"widget\" data-e-type=\"widget\" data-widget_type=\"icon-box.default\">\n\t\t\t\t<div class=\"elementor-widget-container\">\n\t\t\t\t\t\t\t<div class=\"elementor-icon-box-wrapper\">\n\n\t\t\t\t\t\t<div class=\"elementor-icon-box-icon\">\n\t\t\t\t<span  class=\"elementor-icon\">\n\t\t\t\t<svg aria-hidden=\"true\" class=\"e-font-icon-svg e-fas-moon\" viewBox=\"0 0 512 512\" xmlns=\"http:\/\/www.w3.org\/2000\/svg\"><path d=\"M283.211 512c78.962 0 151.079-35.925 198.857-94.792 7.068-8.708-.639-21.43-11.562-19.35-124.203 23.654-238.262-71.576-238.262-196.954 0-72.222 38.662-138.635 101.498-174.394 9.686-5.512 7.25-20.197-3.756-22.23A258.156 258.156 0 0 0 283.211 0c-141.309 0-256 114.511-256 256 0 141.309 114.511 256 256 256z\"><\/path><\/svg>\t\t\t\t<\/span>\n\t\t\t<\/div>\n\t\t\t\n\t\t\t\t\t\t<div class=\"elementor-icon-box-content\">\n\n\t\t\t\t\t\t\t\t\t<h4 class=\"elementor-icon-box-title\">\n\t\t\t\t\t\t<span  >\n\t\t\t\t\t\t\tOscillazioni emotive legate a cicli ormonali\t\t\t\t\t\t<\/span>\n\t\t\t\t\t<\/h4>\n\t\t\t\t\n\t\t\t\t\t\t\t\t\t<p class=\"elementor-icon-box-description\">\n\t\t\t\t\t\tIndicate durante sindrome premestruale, menopausa o post-parto per ristabilire l\u2019equilibrio emotivo.\t\t\t\t\t<\/p>\n\t\t\t\t\n\t\t\t<\/div>\n\t\t\t\n\t\t<\/div>\n\t\t\t\t\t\t<\/div>\n\t\t\t\t<\/div>\n\t\t\t\t<div class=\"elementor-element elementor-element-3d3ff93b elementor-widget__width-initial elementor-widget-mobile__width-inherit elementor-widget-tablet__width-initial elementor-view-default elementor-position-block-start elementor-mobile-position-block-start elementor-widget elementor-widget-icon-box\" data-id=\"3d3ff93b\" data-element_type=\"widget\" data-e-type=\"widget\" data-widget_type=\"icon-box.default\">\n\t\t\t\t<div class=\"elementor-widget-container\">\n\t\t\t\t\t\t\t<div class=\"elementor-icon-box-wrapper\">\n\n\t\t\t\t\t\t<div class=\"elementor-icon-box-icon\">\n\t\t\t\t<span  class=\"elementor-icon\">\n\t\t\t\t<svg aria-hidden=\"true\" class=\"e-font-icon-svg e-fas-laptop\" viewBox=\"0 0 640 512\" xmlns=\"http:\/\/www.w3.org\/2000\/svg\"><path d=\"M624 416H381.54c-.74 19.81-14.71 32-32.74 32H288c-18.69 0-33.02-17.47-32.77-32H16c-8.8 0-16 7.2-16 16v16c0 35.2 28.8 64 64 64h512c35.2 0 64-28.8 64-64v-16c0-8.8-7.2-16-16-16zM576 48c0-26.4-21.6-48-48-48H112C85.6 0 64 21.6 64 48v336h512V48zm-64 272H128V64h384v256z\"><\/path><\/svg>\t\t\t\t<\/span>\n\t\t\t<\/div>\n\t\t\t\n\t\t\t\t\t\t<div class=\"elementor-icon-box-content\">\n\n\t\t\t\t\t\t\t\t\t<h4 class=\"elementor-icon-box-title\">\n\t\t\t\t\t\t<span  >\n\t\t\t\t\t\t\tStress da prestazioni elevate o perfezionismo\t\t\t\t\t\t<\/span>\n\t\t\t\t\t<\/h4>\n\t\t\t\t\n\t\t\t\t\t\t\t\t\t<p class=\"elementor-icon-box-description\">\n\t\t\t\t\t\tAiutano chi vive sotto pressione ad allentare il controllo e ritrovare leggerezza.\t\t\t\t\t<\/p>\n\t\t\t\t\n\t\t\t<\/div>\n\t\t\t\n\t\t<\/div>\n\t\t\t\t\t\t<\/div>\n\t\t\t\t<\/div>\n\t\t\t\t<div class=\"elementor-element elementor-element-648675ba elementor-widget__width-initial elementor-widget-mobile__width-inherit elementor-widget-tablet__width-initial elementor-view-default elementor-position-block-start elementor-mobile-position-block-start elementor-widget elementor-widget-icon-box\" data-id=\"648675ba\" data-element_type=\"widget\" data-e-type=\"widget\" data-widget_type=\"icon-box.default\">\n\t\t\t\t<div class=\"elementor-widget-container\">\n\t\t\t\t\t\t\t<div class=\"elementor-icon-box-wrapper\">\n\n\t\t\t\t\t\t<div class=\"elementor-icon-box-icon\">\n\t\t\t\t<span  class=\"elementor-icon\">\n\t\t\t\t<svg aria-hidden=\"true\" class=\"e-font-icon-svg e-fas-shuttle-van\" viewBox=\"0 0 640 512\" xmlns=\"http:\/\/www.w3.org\/2000\/svg\"><path d=\"M628.88 210.65L494.39 49.27A48.01 48.01 0 0 0 457.52 32H32C14.33 32 0 46.33 0 64v288c0 17.67 14.33 32 32 32h32c0 53.02 42.98 96 96 96s96-42.98 96-96h128c0 53.02 42.98 96 96 96s96-42.98 96-96h32c17.67 0 32-14.33 32-32V241.38c0-11.23-3.94-22.1-11.12-30.73zM64 192V96h96v96H64zm96 240c-26.51 0-48-21.49-48-48s21.49-48 48-48 48 21.49 48 48-21.49 48-48 48zm160-240h-96V96h96v96zm160 240c-26.51 0-48-21.49-48-48s21.49-48 48-48 48 21.49 48 48-21.49 48-48 48zm-96-240V96h66.02l80 96H384z\"><\/path><\/svg>\t\t\t\t<\/span>\n\t\t\t<\/div>\n\t\t\t\n\t\t\t\t\t\t<div class=\"elementor-icon-box-content\">\n\n\t\t\t\t\t\t\t\t\t<h4 class=\"elementor-icon-box-title\">\n\t\t\t\t\t\t<span  >\n\t\t\t\t\t\t\tCambiamenti importanti o periodi di transizione\t\t\t\t\t\t<\/span>\n\t\t\t\t\t<\/h4>\n\t\t\t\t\n\t\t\t\t\t\t\t\t\t<p class=\"elementor-icon-box-description\">\n\t\t\t\t\t\tFacilitano l\u2019adattamento in caso di traslochi, cambi di lavoro, nuove responsabilit\u00e0.\t\t\t\t\t<\/p>\n\t\t\t\t\n\t\t\t<\/div>\n\t\t\t\n\t\t<\/div>\n\t\t\t\t\t\t<\/div>\n\t\t\t\t<\/div>\n\t\t\t\t<div class=\"elementor-element elementor-element-8049c9a elementor-widget__width-initial elementor-widget-mobile__width-inherit elementor-widget-tablet__width-initial elementor-view-default elementor-position-block-start elementor-mobile-position-block-start elementor-widget elementor-widget-icon-box\" data-id=\"8049c9a\" data-element_type=\"widget\" data-e-type=\"widget\" data-widget_type=\"icon-box.default\">\n\t\t\t\t<div class=\"elementor-widget-container\">\n\t\t\t\t\t\t\t<div class=\"elementor-icon-box-wrapper\">\n\n\t\t\t\t\t\t<div class=\"elementor-icon-box-icon\">\n\t\t\t\t<span  class=\"elementor-icon\">\n\t\t\t\t<svg aria-hidden=\"true\" class=\"e-font-icon-svg e-fas-bomb\" viewBox=\"0 0 512 512\" xmlns=\"http:\/\/www.w3.org\/2000\/svg\"><path d=\"M440.5 88.5l-52 52L415 167c9.4 9.4 9.4 24.6 0 33.9l-17.4 17.4c11.8 26.1 18.4 55.1 18.4 85.6 0 114.9-93.1 208-208 208S0 418.9 0 304 93.1 96 208 96c30.5 0 59.5 6.6 85.6 18.4L311 97c9.4-9.4 24.6-9.4 33.9 0l26.5 26.5 52-52 17.1 17zM500 60h-24c-6.6 0-12 5.4-12 12s5.4 12 12 12h24c6.6 0 12-5.4 12-12s-5.4-12-12-12zM440 0c-6.6 0-12 5.4-12 12v24c0 6.6 5.4 12 12 12s12-5.4 12-12V12c0-6.6-5.4-12-12-12zm33.9 55l17-17c4.7-4.7 4.7-12.3 0-17-4.7-4.7-12.3-4.7-17 0l-17 17c-4.7 4.7-4.7 12.3 0 17 4.8 4.7 12.4 4.7 17 0zm-67.8 0c4.7 4.7 12.3 4.7 17 0 4.7-4.7 4.7-12.3 0-17l-17-17c-4.7-4.7-12.3-4.7-17 0-4.7 4.7-4.7 12.3 0 17l17 17zm67.8 34c-4.7-4.7-12.3-4.7-17 0-4.7 4.7-4.7 12.3 0 17l17 17c4.7 4.7 12.3 4.7 17 0 4.7-4.7 4.7-12.3 0-17l-17-17zM112 272c0-35.3 28.7-64 64-64 8.8 0 16-7.2 16-16s-7.2-16-16-16c-52.9 0-96 43.1-96 96 0 8.8 7.2 16 16 16s16-7.2 16-16z\"><\/path><\/svg>\t\t\t\t<\/span>\n\t\t\t<\/div>\n\t\t\t\n\t\t\t\t\t\t<div class=\"elementor-icon-box-content\">\n\n\t\t\t\t\t\t\t\t\t<h4 class=\"elementor-icon-box-title\">\n\t\t\t\t\t\t<span  >\n\t\t\t\t\t\t\t Ansia, paura, insicurezza\t\t\t\t\t\t<\/span>\n\t\t\t\t\t<\/h4>\n\t\t\t\t\n\t\t\t\t\t\t\t\t\t<p class=\"elementor-icon-box-description\">\n\t\t\t\t\t\tRiequilibrano emozioni paralizzanti e favoriscono un senso di calma e fiducia interiore.\t\t\t\t\t<\/p>\n\t\t\t\t\n\t\t\t<\/div>\n\t\t\t\n\t\t<\/div>\n\t\t\t\t\t\t<\/div>\n\t\t\t\t<\/div>\n\t\t\t\t<div class=\"elementor-element elementor-element-602f42a9 elementor-widget__width-initial elementor-widget-mobile__width-inherit elementor-widget-tablet__width-initial elementor-view-default elementor-position-block-start elementor-mobile-position-block-start elementor-widget elementor-widget-icon-box\" data-id=\"602f42a9\" data-element_type=\"widget\" data-e-type=\"widget\" data-widget_type=\"icon-box.default\">\n\t\t\t\t<div class=\"elementor-widget-container\">\n\t\t\t\t\t\t\t<div class=\"elementor-icon-box-wrapper\">\n\n\t\t\t\t\t\t<div class=\"elementor-icon-box-icon\">\n\t\t\t\t<span  class=\"elementor-icon\">\n\t\t\t\t<svg aria-hidden=\"true\" class=\"e-font-icon-svg e-fas-arrows-alt\" viewBox=\"0 0 512 512\" xmlns=\"http:\/\/www.w3.org\/2000\/svg\"><path d=\"M352.201 425.775l-79.196 79.196c-9.373 9.373-24.568 9.373-33.941 0l-79.196-79.196c-15.119-15.119-4.411-40.971 16.971-40.97h51.162L228 284H127.196v51.162c0 21.382-25.851 32.09-40.971 16.971L7.029 272.937c-9.373-9.373-9.373-24.569 0-33.941L86.225 159.8c15.119-15.119 40.971-4.411 40.971 16.971V228H228V127.196h-51.23c-21.382 0-32.09-25.851-16.971-40.971l79.196-79.196c9.373-9.373 24.568-9.373 33.941 0l79.196 79.196c15.119 15.119 4.411 40.971-16.971 40.971h-51.162V228h100.804v-51.162c0-21.382 25.851-32.09 40.97-16.971l79.196 79.196c9.373 9.373 9.373 24.569 0 33.941L425.773 352.2c-15.119 15.119-40.971 4.411-40.97-16.971V284H284v100.804h51.23c21.382 0 32.09 25.851 16.971 40.971z\"><\/path><\/svg>\t\t\t\t<\/span>\n\t\t\t<\/div>\n\t\t\t\n\t\t\t\t\t\t<div class=\"elementor-icon-box-content\">\n\n\t\t\t\t\t\t\t\t\t<h4 class=\"elementor-icon-box-title\">\n\t\t\t\t\t\t<span  >\n\t\t\t\t\t\t\tConfusione o indecisione\t\t\t\t\t\t<\/span>\n\t\t\t\t\t<\/h4>\n\t\t\t\t\n\t\t\t\t\t\t\t\t\t<p class=\"elementor-icon-box-description\">\n\t\t\t\t\t\tAiutano a chiarire la mente e a rafforzare la connessione con le proprie scelte autentiche.\t\t\t\t\t<\/p>\n\t\t\t\t\n\t\t\t<\/div>\n\t\t\t\n\t\t<\/div>\n\t\t\t\t\t\t<\/div>\n\t\t\t\t<\/div>\n\t\t\t\t<\/div>\n\t\t\t\t\t<\/div>\n\t\t\t\t<\/div>\n\t\t\t\t<\/div>\n\t\t","protected":false},"excerpt":{"rendered":"<p>Fiori di Bach: L\u2019Ascolto delle Emozioni, il Riequilibrio Naturale I Fiori di Bach sono rimedi vibrazionali che agiscono sulle emozioni, accompagnando con dolcezza la persona nei momenti di difficolt\u00e0. Ogni miscela \u00e8 costruita su misura, dopo un colloquio profondo e rispettoso, in cui il cliente pu\u00f2 sentirsi accolto, ascoltato e compreso. Lavorano in sinergia con [&hellip;]<\/p>\n","protected":false},"author":2,"featured_media":0,"parent":0,"menu_order":0,"comment_status":"closed","ping_status":"closed","template":"","meta":{"two_page_speed":[],"footnotes":""},"class_list":["post-1041","page","type-page","status-publish","hentry"],"_links":{"self":[{"href":"https:\/\/chandranaturopatia.ch\/fr\/wp-json\/wp\/v2\/pages\/1041","targetHints":{"allow":["GET"]}}],"collection":[{"href":"https:\/\/chandranaturopatia.ch\/fr\/wp-json\/wp\/v2\/pages"}],"about":[{"href":"https:\/\/chandranaturopatia.ch\/fr\/wp-json\/wp\/v2\/types\/page"}],"author":[{"embeddable":true,"href":"https:\/\/chandranaturopatia.ch\/fr\/wp-json\/wp\/v2\/users\/2"}],"replies":[{"embeddable":true,"href":"https:\/\/chandranaturopatia.ch\/fr\/wp-json\/wp\/v2\/comments?post=1041"}],"version-history":[{"count":0,"href":"https:\/\/chandranaturopatia.ch\/fr\/wp-json\/wp\/v2\/pages\/1041\/revisions"}],"wp:attachment":[{"href":"https:\/\/chandranaturopatia.ch\/fr\/wp-json\/wp\/v2\/media?parent=1041"}],"curies":[{"name":"wp","href":"https:\/\/api.w.org\/{rel}","templated":true}]}}