{"id":1826,"date":"2025-04-08T19:14:38","date_gmt":"2025-04-08T19:14:38","guid":{"rendered":"https:\/\/chandranaturopatia.ch\/?page_id=1826"},"modified":"2025-04-08T19:20:35","modified_gmt":"2025-04-08T19:20:35","slug":"cookie-policy","status":"publish","type":"page","link":"https:\/\/chandranaturopatia.ch\/de\/cookie-policy\/","title":{"rendered":"Cookie-Richtlinie"},"content":{"rendered":"<div data-elementor-type=\"wp-page\" data-elementor-id=\"1826\" class=\"elementor elementor-1826\">\n\t\t\t\t<div class=\"elementor-element elementor-element-23x1quia twbb_section e-flex e-con-boxed e-con e-parent\" data-id=\"23x1quia\" data-element_type=\"container\" data-e-type=\"container\">\n\t\t\t\t\t<div class=\"e-con-inner\">\n\t\t\t\t<div class=\"elementor-element elementor-element-qgdfap2y elementor-widget__width-initial elementor-widget-mobile__width-inherit elementor-widget-tablet__width-initial elementor-invisible elementor-widget elementor-widget-heading\" data-id=\"qgdfap2y\" data-element_type=\"widget\" data-e-type=\"widget\" data-settings=\"{&quot;_animation&quot;:&quot;fadeInUp&quot;}\" data-widget_type=\"heading.default\">\n\t\t\t\t<div class=\"elementor-widget-container\">\n\t\t\t\t\t<h1 class=\"elementor-heading-title elementor-size-default\">Cookie-Richtlinie<\/h1>\t\t\t\t<\/div>\n\t\t\t\t<\/div>\n\t\t\t\t\t<\/div>\n\t\t\t\t<\/div>\n\t\t<div class=\"elementor-element elementor-element-0ihm3r8h twbb_section e-flex e-con-boxed e-con e-parent\" data-id=\"0ihm3r8h\" data-element_type=\"container\" data-e-type=\"container\">\n\t\t\t\t\t<div class=\"e-con-inner\">\n\t\t\t\t<div class=\"elementor-element elementor-element-4c9dg2lc elementor-widget__width-initial elementor-widget-mobile__width-inherit elementor-widget-tablet__width-initial elementor-invisible elementor-widget elementor-widget-text-editor\" data-id=\"4c9dg2lc\" data-element_type=\"widget\" data-e-type=\"widget\" data-settings=\"{&quot;_animation&quot;:&quot;fadeInUp&quot;}\" data-widget_type=\"text-editor.default\">\n\t\t\t\t<div class=\"elementor-widget-container\">\n\t\t\t\t\t\t\t\t\t<p><strong>Zuletzt aktualisiert: 7. April 2025<\/strong><\/p><p>Diese Cookie-Richtlinie erkl\u00e4rt, was Cookies sind und wie wir sie auf der Website verwenden <a href=\"https:\/\/chandranaturopatia.ch\/de\/\">www.chandranaturopatia.ch<\/a>.<\/p><h3>1. Was sind Cookies?<\/h3><p>Cookies sind kleine Textdateien, die von den von Ihnen besuchten Websites an Ihren Browser gesendet werden. Sie werden verwendet, um Ihr Erlebnis zu verbessern, Pr\u00e4ferenzen zu speichern oder anonyme statistische Daten zu sammeln.<\/p><ul><li><strong>Technische Cookies<\/strong>: erforderlich f\u00fcr das Funktionieren der Site.<\/li><li><strong>Cookies analytisch<\/strong>: um statistische Daten anonym zu sammeln.<\/li><li><strong>Cookies von Drittanbietern<\/strong>: von externen Tools wie Google, YouTube, Facebook installiert.<\/li><\/ul><h3>2. Auf dieser Website verwendete Cookies<\/h3><table style=\"width: 100%; border-collapse: collapse; border: 1px solid #000;\"><thead><tr style=\"background-color: #f2f2f2;\"><th style=\"border: 1px solid #000; padding: 6px;\">Name<\/th><th style=\"border: 1px solid #000; padding: 6px;\">Typ<\/th><th style=\"border: 1px solid #000; padding: 6px;\">Zweck<\/th><th style=\"border: 1px solid #000; padding: 6px;\">Dauer<\/th><th style=\"border: 1px solid #000; padding: 6px;\">Anbieter<\/th><\/tr><\/thead><tbody><tr><td style=\"border: 1px solid #000; padding: 6px;\">Elementor<\/td><td style=\"border: 1px solid #000; padding: 6px;\">Techniker<\/td><td style=\"border: 1px solid #000; padding: 6px;\">Benutzereinstellungen im Builder speichern<\/td><td style=\"border: 1px solid #000; padding: 6px;\">Hartn\u00e4ckig<\/td><td style=\"border: 1px solid #000; padding: 6px;\">WordPress<\/td><\/tr><tr><td style=\"border: 1px solid #000; padding: 6px;\">_ga<\/td><td style=\"border: 1px solid #000; padding: 6px;\">Analytisch<\/td><td style=\"border: 1px solid #000; padding: 6px;\">Browserstatistiken<\/td><td style=\"border: 1px solid #000; padding: 6px;\">2 Jahre<\/td><td style=\"border: 1px solid #000; padding: 6px;\">Google<\/td><\/tr><tr><td style=\"border: 1px solid #000; padding: 6px;\">_gid<\/td><td style=\"border: 1px solid #000; padding: 6px;\">Analytisch<\/td><td style=\"border: 1px solid #000; padding: 6px;\">Unterscheidet Benutzer<\/td><td style=\"border: 1px solid #000; padding: 6px;\">24 Stunden<\/td><td style=\"border: 1px solid #000; padding: 6px;\">Google<\/td><\/tr><tr><td style=\"border: 1px solid #000; padding: 6px;\">_Katze<\/td><td style=\"border: 1px solid #000; padding: 6px;\">Analytisch<\/td><td style=\"border: 1px solid #000; padding: 6px;\">Begrenzung der Anforderungsh\u00e4ufigkeit<\/td><td style=\"border: 1px solid #000; padding: 6px;\">1 Minute<\/td><td style=\"border: 1px solid #000; padding: 6px;\">Google<\/td><\/tr><tr><td style=\"border: 1px solid #000; padding: 6px;\">CookiesJa-Zustimmung<\/td><td style=\"border: 1px solid #000; padding: 6px;\">Techniker<\/td><td style=\"border: 1px solid #000; padding: 6px;\">Cookie-Pr\u00e4ferenzen speichern<\/td><td style=\"border: 1px solid #000; padding: 6px;\">1 Jahr<\/td><td style=\"border: 1px solid #000; padding: 6px;\">CookiesJa<\/td><\/tr><\/tbody><\/table><h3>3. Cookie-Verwaltung<\/h3><p>Sie k\u00f6nnen Ihre Pr\u00e4ferenzen jederzeit \u00fcber das Cookie-Banner oder \u00fcber Ihre Browsereinstellungen \u00e4ndern.<\/p><h3>4. Website-Hosting<\/h3><p>Die Site wird gehostet auf <strong>Google Cloud Platform<\/strong>, mit Servern in Europa. Die Daten werden unter Einhaltung der Sicherheitsstandards verarbeitet.<\/p><h3>5. \u00c4nderungen<\/h3><p>Diese Cookie-Richtlinie kann aktualisiert werden. Alle \u00c4nderungen werden auf dieser Seite angezeigt.<\/p>\t\t\t\t\t\t\t\t<\/div>\n\t\t\t\t<\/div>\n\t\t\t\t\t<\/div>\n\t\t\t\t<\/div>\n\t\t\t\t<\/div>","protected":false},"excerpt":{"rendered":"<p>Cookie Policy Ultimo aggiornamento: 7 aprile 2025 Questa Cookie Policy spiega cosa sono i cookie e come li utilizziamo sul sito www.chandranaturopatia.ch. 1. Cosa sono i cookie I cookie sono piccoli file di testo inviati al tuo browser dai siti web visitati. Servono a migliorare la tua esperienza, memorizzare preferenze o raccogliere dati statistici anonimi. [&hellip;]<\/p>\n","protected":false},"author":2,"featured_media":0,"parent":0,"menu_order":0,"comment_status":"closed","ping_status":"closed","template":"","meta":{"two_page_speed":[],"footnotes":""},"class_list":["post-1826","page","type-page","status-publish","hentry"],"_links":{"self":[{"href":"https:\/\/chandranaturopatia.ch\/de\/wp-json\/wp\/v2\/pages\/1826","targetHints":{"allow":["GET"]}}],"collection":[{"href":"https:\/\/chandranaturopatia.ch\/de\/wp-json\/wp\/v2\/pages"}],"about":[{"href":"https:\/\/chandranaturopatia.ch\/de\/wp-json\/wp\/v2\/types\/page"}],"author":[{"embeddable":true,"href":"https:\/\/chandranaturopatia.ch\/de\/wp-json\/wp\/v2\/users\/2"}],"replies":[{"embeddable":true,"href":"https:\/\/chandranaturopatia.ch\/de\/wp-json\/wp\/v2\/comments?post=1826"}],"version-history":[{"count":0,"href":"https:\/\/chandranaturopatia.ch\/de\/wp-json\/wp\/v2\/pages\/1826\/revisions"}],"wp:attachment":[{"href":"https:\/\/chandranaturopatia.ch\/de\/wp-json\/wp\/v2\/media?parent=1826"}],"curies":[{"name":"wp","href":"https:\/\/api.w.org\/{rel}","templated":true}]}}