{"id":168,"date":"2025-03-02T21:36:24","date_gmt":"2025-03-02T21:36:24","guid":{"rendered":"https:\/\/chandranaturopatia.ch\/blog\/"},"modified":"2025-06-26T16:42:11","modified_gmt":"2025-06-26T16:42:11","slug":"blog","status":"publish","type":"page","link":"https:\/\/chandranaturopatia.ch\/de\/blog\/","title":{"rendered":"Der Blog"},"content":{"rendered":"<div data-elementor-type=\"wp-page\" data-elementor-id=\"168\" class=\"elementor elementor-168\">\n\t\t\t\t<div class=\"elementor-element elementor-element-gbk9rwtz twbb_section e-flex e-con-boxed e-con e-parent\" data-id=\"gbk9rwtz\" data-element_type=\"container\" data-e-type=\"container\" id=\"latest-blog-posts\">\n\t\t\t\t\t<div class=\"e-con-inner\">\n\t\t<div class=\"elementor-element elementor-element-bxt9sxfy e-con-full e-flex e-con e-child\" data-id=\"bxt9sxfy\" data-element_type=\"container\" data-e-type=\"container\">\n\t\t<div class=\"elementor-element elementor-element-np62fucp e-con-full e-flex e-con e-child\" data-id=\"np62fucp\" data-element_type=\"container\" data-e-type=\"container\">\n\t\t\t\t<div class=\"elementor-element elementor-element-f11sqew8 elementor-widget__width-initial elementor-widget-mobile__width-inherit elementor-widget-tablet__width-initial elementor-invisible elementor-widget elementor-widget-heading\" data-id=\"f11sqew8\" data-element_type=\"widget\" data-e-type=\"widget\" data-settings=\"{&quot;_animation&quot;:&quot;fadeInUp&quot;}\" data-widget_type=\"heading.default\">\n\t\t\t\t<div class=\"elementor-widget-container\">\n\t\t\t\t\t<h2 class=\"elementor-heading-title elementor-size-default\">Anleitungen, Tutorials und Neuigkeiten<\/h2>\t\t\t\t<\/div>\n\t\t\t\t<\/div>\n\t\t\t\t<\/div>\n\t\t\t\t<\/div>\n\t\t\t\t<div class=\"elementor-element elementor-element-r2tbhh9e elementor-widget__width-initial elementor-widget-mobile__width-inherit elementor-widget-tablet__width-initial twbb_slider_options_changed-default elementor-grid-3 elementor-grid-tablet-2 elementor-grid-mobile-1 elementor-posts--thumbnail-top elementor-posts--thumbnail-tablet-top elementor-posts--thumbnail-mobile-top elementor-card-shadow-yes elementor-posts__hover-gradient elementor-widget elementor-widget-tenweb-posts\" data-id=\"r2tbhh9e\" data-element_type=\"widget\" data-e-type=\"widget\" data-settings=\"{&quot;pagination_type&quot;:&quot;load_more_infinite_scroll&quot;,&quot;cards_slides_view&quot;:&quot;no&quot;,&quot;cards_columns&quot;:&quot;3&quot;,&quot;cards_columns_tablet&quot;:&quot;2&quot;,&quot;cards_columns_mobile&quot;:&quot;1&quot;,&quot;cards_thumbnail&quot;:&quot;top&quot;,&quot;cards_thumbnail_tablet&quot;:&quot;top&quot;,&quot;cards_thumbnail_mobile&quot;:&quot;top&quot;,&quot;cards_column_gap&quot;:{&quot;unit&quot;:&quot;px&quot;,&quot;size&quot;:30,&quot;sizes&quot;:[]},&quot;cards_column_gap_tablet&quot;:{&quot;unit&quot;:&quot;px&quot;,&quot;size&quot;:&quot;&quot;,&quot;sizes&quot;:[]},&quot;cards_column_gap_mobile&quot;:{&quot;unit&quot;:&quot;px&quot;,&quot;size&quot;:&quot;&quot;,&quot;sizes&quot;:[]},&quot;cards_row_gap&quot;:{&quot;unit&quot;:&quot;px&quot;,&quot;size&quot;:35,&quot;sizes&quot;:[]},&quot;cards_row_gap_tablet&quot;:{&quot;unit&quot;:&quot;px&quot;,&quot;size&quot;:&quot;&quot;,&quot;sizes&quot;:[]},&quot;cards_row_gap_mobile&quot;:{&quot;unit&quot;:&quot;px&quot;,&quot;size&quot;:&quot;&quot;,&quot;sizes&quot;:[]},&quot;load_more_spinner&quot;:{&quot;value&quot;:&quot;fas fa-spinner&quot;,&quot;library&quot;:&quot;fa-solid&quot;}}\" data-widget_type=\"tenweb-posts.cards\">\n\t\t\t\t<div class=\"elementor-widget-container\">\n\t\t\t\t\t            <div data-skin=\"cards \" class=\"elementor-posts-container elementor-posts elementor-posts--skin-cards elementor-grid\">\n                    <article class=\"elementor-post elementor-grid-item post-7 post type-post status-publish format-standard has-post-thumbnail hentry category-uncategorized\">\n\t\t\t<div class=\"elementor-post__card\">\n\t\t\t\t<a class=\"elementor-post__thumbnail__link\" href=\"https:\/\/chandranaturopatia.ch\/de\/intestino-mente-equilibrio-naturopatia-lugano\/\" tabindex=\"-1\" ><div class=\"elementor-post__thumbnail\"><img fetchpriority=\"high\" decoding=\"async\" width=\"300\" height=\"169\" src=\"https:\/\/chandranaturopatia.ch\/wp-content\/uploads\/2025\/04\/Still-2025-04-06-211940_1.12.1-300x169.jpg\" class=\"attachment-medium size-medium wp-image-1639\" alt=\"\" srcset=\"https:\/\/chandranaturopatia.ch\/wp-content\/uploads\/2025\/04\/Still-2025-04-06-211940_1.12.1-300x169.jpg 300w, https:\/\/chandranaturopatia.ch\/wp-content\/uploads\/2025\/04\/Still-2025-04-06-211940_1.12.1-1024x576.jpg 1024w, https:\/\/chandranaturopatia.ch\/wp-content\/uploads\/2025\/04\/Still-2025-04-06-211940_1.12.1-768x432.jpg 768w, https:\/\/chandranaturopatia.ch\/wp-content\/uploads\/2025\/04\/Still-2025-04-06-211940_1.12.1-1536x864.jpg 1536w, https:\/\/chandranaturopatia.ch\/wp-content\/uploads\/2025\/04\/Still-2025-04-06-211940_1.12.1-600x338.jpg 600w, https:\/\/chandranaturopatia.ch\/wp-content\/uploads\/2025\/04\/Still-2025-04-06-211940_1.12.1.jpg 1920w\" sizes=\"(max-width: 300px) 100vw, 300px\" \/><\/div><\/a>\n\t\t\t\t<div class=\"elementor-post__text\">\n\t\t\t\t<h3 class=\"elementor-post__title\">\n\t\t\t<a href=\"https:\/\/chandranaturopatia.ch\/de\/intestino-mente-equilibrio-naturopatia-lugano\/\" >\n\t\t\t\tDarm und Geist: So finden Sie mit Naturheilkunde in Lugano Ihr Gleichgewicht\t\t\t<\/a>\n\t\t<\/h3>\n\t\t\t\t<div class=\"elementor-post__excerpt\">\n\t\t\t<p>Entdecken Sie, wie Naturheilkunde in Lugano Ihnen helfen kann, die Darm-Hirn-Achse wieder ins Gleichgewicht zu bringen. Ern\u00e4hrung, Phytotherapie, Reflexzonenmassage und nat\u00fcrliche Techniken f\u00fcr Ihr Wohlbefinden.<\/p>\n\t\t<\/div>\n\t\t\t\t<\/div>\n\t\t\t\t\t<\/div>\n\t\t<\/article>\n\t\t        <article class=\"elementor-post elementor-grid-item post-2140 post type-post status-publish format-standard has-post-thumbnail hentry category-uncategorized\">\n\t\t\t<div class=\"elementor-post__card\">\n\t\t\t\t<a class=\"elementor-post__thumbnail__link\" href=\"https:\/\/chandranaturopatia.ch\/de\/digital-detox-naturopatia-lugano\/\" tabindex=\"-1\" ><div class=\"elementor-post__thumbnail\"><img decoding=\"async\" width=\"300\" height=\"200\" src=\"https:\/\/chandranaturopatia.ch\/wp-content\/uploads\/2025\/04\/WhatsApp-Image-2025-04-09-at-08.36.11-300x200.png\" class=\"attachment-medium size-medium wp-image-1919\" alt=\"\" srcset=\"https:\/\/chandranaturopatia.ch\/wp-content\/uploads\/2025\/04\/WhatsApp-Image-2025-04-09-at-08.36.11-300x200.png 300w, https:\/\/chandranaturopatia.ch\/wp-content\/uploads\/2025\/04\/WhatsApp-Image-2025-04-09-at-08.36.11-1024x683.png 1024w, https:\/\/chandranaturopatia.ch\/wp-content\/uploads\/2025\/04\/WhatsApp-Image-2025-04-09-at-08.36.11-768x512.png 768w, https:\/\/chandranaturopatia.ch\/wp-content\/uploads\/2025\/04\/WhatsApp-Image-2025-04-09-at-08.36.11-600x400.png 600w, https:\/\/chandranaturopatia.ch\/wp-content\/uploads\/2025\/04\/WhatsApp-Image-2025-04-09-at-08.36.11.png 1536w\" sizes=\"(max-width: 300px) 100vw, 300px\" \/><\/div><\/a>\n\t\t\t\t<div class=\"elementor-post__text\">\n\t\t\t\t<h3 class=\"elementor-post__title\">\n\t\t\t<a href=\"https:\/\/chandranaturopatia.ch\/de\/digital-detox-naturopatia-lugano\/\" >\n\t\t\t\tDigital Detox &amp; Naturheilkunde in Lugano: So entgiften Sie K\u00f6rper und Geist von der Bildschirmsucht\t\t\t<\/a>\n\t\t<\/h3>\n\t\t\t\t<div class=\"elementor-post__excerpt\">\n\t\t\t<p>Entdecken Sie, wie Naturheilkunde in Lugano Sie auf einer nat\u00fcrlichen digitalen Entgiftungsreise unterst\u00fctzen kann. Reflexzonenmassage, Bachbl\u00fcten, Ern\u00e4hrung und Techniken zum Abschalten und Finden des Gleichgewichts.<\/p>\n\t\t<\/div>\n\t\t\t\t<\/div>\n\t\t\t\t\t<\/div>\n\t\t<\/article>\n\t\t        <article class=\"elementor-post elementor-grid-item post-5 post type-post status-publish format-standard has-post-thumbnail hentry category-uncategorized\">\n\t\t\t<div class=\"elementor-post__card\">\n\t\t\t\t<a class=\"elementor-post__thumbnail__link\" href=\"https:\/\/chandranaturopatia.ch\/de\/anamnesi-facciale-naturopatia-lugano\/\" tabindex=\"-1\" ><div class=\"elementor-post__thumbnail\"><img decoding=\"async\" width=\"300\" height=\"169\" src=\"https:\/\/chandranaturopatia.ch\/wp-content\/uploads\/2025\/04\/Still-2025-04-06-211940_1.3.1-300x169.jpg\" class=\"attachment-medium size-medium wp-image-1630\" alt=\"\" srcset=\"https:\/\/chandranaturopatia.ch\/wp-content\/uploads\/2025\/04\/Still-2025-04-06-211940_1.3.1-300x169.jpg 300w, https:\/\/chandranaturopatia.ch\/wp-content\/uploads\/2025\/04\/Still-2025-04-06-211940_1.3.1-1024x576.jpg 1024w, https:\/\/chandranaturopatia.ch\/wp-content\/uploads\/2025\/04\/Still-2025-04-06-211940_1.3.1-768x432.jpg 768w, https:\/\/chandranaturopatia.ch\/wp-content\/uploads\/2025\/04\/Still-2025-04-06-211940_1.3.1-1536x864.jpg 1536w, https:\/\/chandranaturopatia.ch\/wp-content\/uploads\/2025\/04\/Still-2025-04-06-211940_1.3.1-600x338.jpg 600w, https:\/\/chandranaturopatia.ch\/wp-content\/uploads\/2025\/04\/Still-2025-04-06-211940_1.3.1.jpg 1920w\" sizes=\"(max-width: 300px) 100vw, 300px\" \/><\/div><\/a>\n\t\t\t\t<div class=\"elementor-post__text\">\n\t\t\t\t<h3 class=\"elementor-post__title\">\n\t\t\t<a href=\"https:\/\/chandranaturopatia.ch\/de\/anamnesi-facciale-naturopatia-lugano\/\" >\n\t\t\t\tNaturheilkunde in Lugano: Die Methode, die Ihren Gesundheitszustand anhand Ihres Gesichts ablesen kann, bevor Symptome auftreten\t\t\t<\/a>\n\t\t<\/h3>\n\t\t\t\t<div class=\"elementor-post__excerpt\">\n\t\t\t<p>Entdecken Sie die Gesichtsanamnese in der Naturheilkunde: Wie Sie Gesichtssignale deuten, um den Gesundheitszustand zu verstehen, bevor Symptome auftreten. Studio in Lugano.<\/p>\n\t\t<\/div>\n\t\t\t\t<\/div>\n\t\t\t\t\t<\/div>\n\t\t<\/article>\n\t\t        <article class=\"elementor-post elementor-grid-item post-4 post type-post status-publish format-standard has-post-thumbnail hentry category-uncategorized\">\n\t\t\t<div class=\"elementor-post__card\">\n\t\t\t\t<a class=\"elementor-post__thumbnail__link\" href=\"https:\/\/chandranaturopatia.ch\/de\/disturbi-naturopatia-lugano\/\" tabindex=\"-1\" ><div class=\"elementor-post__thumbnail\"><img loading=\"lazy\" decoding=\"async\" width=\"300\" height=\"169\" src=\"https:\/\/chandranaturopatia.ch\/wp-content\/uploads\/2025\/04\/Still-2025-04-06-211940_1.13.1-300x169.jpg\" class=\"attachment-medium size-medium wp-image-1640\" alt=\"\" srcset=\"https:\/\/chandranaturopatia.ch\/wp-content\/uploads\/2025\/04\/Still-2025-04-06-211940_1.13.1-300x169.jpg 300w, https:\/\/chandranaturopatia.ch\/wp-content\/uploads\/2025\/04\/Still-2025-04-06-211940_1.13.1-1024x576.jpg 1024w, https:\/\/chandranaturopatia.ch\/wp-content\/uploads\/2025\/04\/Still-2025-04-06-211940_1.13.1-768x432.jpg 768w, https:\/\/chandranaturopatia.ch\/wp-content\/uploads\/2025\/04\/Still-2025-04-06-211940_1.13.1-1536x864.jpg 1536w, https:\/\/chandranaturopatia.ch\/wp-content\/uploads\/2025\/04\/Still-2025-04-06-211940_1.13.1-600x338.jpg 600w, https:\/\/chandranaturopatia.ch\/wp-content\/uploads\/2025\/04\/Still-2025-04-06-211940_1.13.1.jpg 1920w\" sizes=\"(max-width: 300px) 100vw, 300px\" \/><\/div><\/a>\n\t\t\t\t<div class=\"elementor-post__text\">\n\t\t\t\t<h3 class=\"elementor-post__title\">\n\t\t\t<a href=\"https:\/\/chandranaturopatia.ch\/de\/disturbi-naturopatia-lugano\/\" >\n\t\t\t\tH\u00e4ufige Beschwerden, die mit Naturheilkunde behandelt werden k\u00f6nnen: Erfahrungen aus meiner Praxis in Lugano\t\t\t<\/a>\n\t\t<\/h3>\n\t\t\t\t<div class=\"elementor-post__excerpt\">\n\t\t\t<p>Entdecken Sie, welche h\u00e4ufigen Beschwerden mit Naturheilkunde wirksam behandelt werden k\u00f6nnen: Stress, Angstzust\u00e4nde, Verdauungsst\u00f6rungen, hormonelle Ungleichgewichte und vieles mehr. Direkte Erfahrung aus dem Studio in Lugano.<\/p>\n\t\t<\/div>\n\t\t\t\t<\/div>\n\t\t\t\t\t<\/div>\n\t\t<\/article>\n\t\t        <article class=\"elementor-post elementor-grid-item post-3 post type-post status-publish format-standard has-post-thumbnail hentry category-uncategorized\">\n\t\t\t<div class=\"elementor-post__card\">\n\t\t\t\t<a class=\"elementor-post__thumbnail__link\" href=\"https:\/\/chandranaturopatia.ch\/de\/medicina-naturale-lugano-trattamenti\/\" tabindex=\"-1\" ><div class=\"elementor-post__thumbnail\"><img loading=\"lazy\" decoding=\"async\" width=\"300\" height=\"169\" src=\"https:\/\/chandranaturopatia.ch\/wp-content\/uploads\/2025\/04\/argilla1_matched-300x169.jpg\" class=\"attachment-medium size-medium wp-image-2031\" alt=\"\" srcset=\"https:\/\/chandranaturopatia.ch\/wp-content\/uploads\/2025\/04\/argilla1_matched-300x169.jpg 300w, https:\/\/chandranaturopatia.ch\/wp-content\/uploads\/2025\/04\/argilla1_matched-1024x576.jpg 1024w, https:\/\/chandranaturopatia.ch\/wp-content\/uploads\/2025\/04\/argilla1_matched-768x432.jpg 768w, https:\/\/chandranaturopatia.ch\/wp-content\/uploads\/2025\/04\/argilla1_matched-1536x864.jpg 1536w, https:\/\/chandranaturopatia.ch\/wp-content\/uploads\/2025\/04\/argilla1_matched-600x338.jpg 600w, https:\/\/chandranaturopatia.ch\/wp-content\/uploads\/2025\/04\/argilla1_matched.jpg 2048w\" sizes=\"(max-width: 300px) 100vw, 300px\" \/><\/div><\/a>\n\t\t\t\t<div class=\"elementor-post__text\">\n\t\t\t\t<h3 class=\"elementor-post__title\">\n\t\t\t<a href=\"https:\/\/chandranaturopatia.ch\/de\/medicina-naturale-lugano-trattamenti\/\" >\n\t\t\t\tNaturheilkunde in Lugano: Entdecken Sie alle Behandlungen und Behandlungswege, die im Zentrum Chandra Olivieri angeboten werden\t\t\t<\/a>\n\t\t<\/h3>\n\t\t\t\t<div class=\"elementor-post__excerpt\">\n\t\t\t<p>Entdecken Sie alle naturmedizinischen Behandlungen, die in Lugano im Zentrum Chandra Olivieri angeboten werden: Naturheilkunde, Reflexzonenmassage, Phytotherapie, Massagen und personalisierte Programme.<\/p>\n\t\t<\/div>\n\t\t\t\t<\/div>\n\t\t\t\t\t<\/div>\n\t\t<\/article>\n\t\t        <article class=\"elementor-post elementor-grid-item post-2 post type-post status-publish format-standard has-post-thumbnail hentry category-uncategorized\">\n\t\t\t<div class=\"elementor-post__card\">\n\t\t\t\t<a class=\"elementor-post__thumbnail__link\" href=\"https:\/\/chandranaturopatia.ch\/de\/riflessologia-plantare-lugano-benefici\/\" tabindex=\"-1\" ><div class=\"elementor-post__thumbnail\"><img loading=\"lazy\" decoding=\"async\" width=\"300\" height=\"169\" src=\"https:\/\/chandranaturopatia.ch\/wp-content\/uploads\/2025\/04\/Still-2025-04-06-211940_1.21.1-300x169.jpg\" class=\"attachment-medium size-medium wp-image-1647\" alt=\"\" srcset=\"https:\/\/chandranaturopatia.ch\/wp-content\/uploads\/2025\/04\/Still-2025-04-06-211940_1.21.1-300x169.jpg 300w, https:\/\/chandranaturopatia.ch\/wp-content\/uploads\/2025\/04\/Still-2025-04-06-211940_1.21.1-1024x576.jpg 1024w, https:\/\/chandranaturopatia.ch\/wp-content\/uploads\/2025\/04\/Still-2025-04-06-211940_1.21.1-768x432.jpg 768w, https:\/\/chandranaturopatia.ch\/wp-content\/uploads\/2025\/04\/Still-2025-04-06-211940_1.21.1-1536x864.jpg 1536w, https:\/\/chandranaturopatia.ch\/wp-content\/uploads\/2025\/04\/Still-2025-04-06-211940_1.21.1-600x338.jpg 600w, https:\/\/chandranaturopatia.ch\/wp-content\/uploads\/2025\/04\/Still-2025-04-06-211940_1.21.1.jpg 1920w\" sizes=\"(max-width: 300px) 100vw, 300px\" \/><\/div><\/a>\n\t\t\t\t<div class=\"elementor-post__text\">\n\t\t\t\t<h3 class=\"elementor-post__title\">\n\t\t\t<a href=\"https:\/\/chandranaturopatia.ch\/de\/riflessologia-plantare-lugano-benefici\/\" >\n\t\t\t\tFussreflexzonenmassage in Lugano: Was es ist, welche Vorteile es hat und warum Sie es mindestens einmal ausprobieren sollten\t\t\t<\/a>\n\t\t<\/h3>\n\t\t\t\t<div class=\"elementor-post__excerpt\">\n\t\t\t<p>Die Fussreflexzonenmassage ist eine nat\u00fcrliche Therapie, die bestimmte Punkte am Fuss stimuliert und so den gesamten K\u00f6rper positiv beeinflusst. Entdecken Sie die Vorteile und buchen Sie in Lugano.<\/p>\n\t\t<\/div>\n\t\t\t\t<\/div>\n\t\t\t\t\t<\/div>\n\t\t<\/article>\n\t\t\t\t<\/div>\n\t\t\t\t\t<span class=\"e-load-more-spinner\">\n\t\t\t\t<svg aria-hidden=\"true\" class=\"e-font-icon-svg e-fas-spinner\" viewbox=\"0 0 512 512\" xmlns=\"http:\/\/www.w3.org\/2000\/svg\"><path d=\"M304 48c0 26.51-21.49 48-48 48s-48-21.49-48-48 21.49-48 48-48 48 21.49 48 48zm-48 368c-26.51 0-48 21.49-48 48s21.49 48 48 48 48-21.49 48-48-21.49-48-48-48zm208-208c-26.51 0-48 21.49-48 48s21.49 48 48 48 48-21.49 48-48-21.49-48-48-48zM96 256c0-26.51-21.49-48-48-48S0 229.49 0 256s21.49 48 48 48 48-21.49 48-48zm12.922 99.078c-26.51 0-48 21.49-48 48s21.49 48 48 48 48-21.49 48-48c0-26.509-21.491-48-48-48zm294.156 0c-26.51 0-48 21.49-48 48s21.49 48 48 48 48-21.49 48-48c0-26.509-21.49-48-48-48zM108.922 60.922c-26.51 0-48 21.49-48 48s21.49 48 48 48 48-21.49 48-48-21.491-48-48-48z\"><\/path><\/svg>\t\t\t<\/span>\n\t\t\n\t\t\t\t<div class=\"e-load-more-anchor\" data-page=\"1\" data-max-page=\"2\" data-next-page=\"https:\/\/chandranaturopatia.ch\/de\/wp-json\/wp\/v2\/pages\/168\/page\/2\/\"><\/div>\n\t\t\t\t<div class=\"e-load-more-message\"><\/div>\n\t\t\t\t\t\t<\/div>\n\t\t\t\t<\/div>\n\t\t\t\t\t<\/div>\n\t\t\t\t<\/div>\n\t\t\t\t<\/div>","protected":false},"excerpt":{"rendered":"<p>Anleitungen, Tutorials und Neuigkeiten<\/p>","protected":false},"author":0,"featured_media":0,"parent":0,"menu_order":0,"comment_status":"closed","ping_status":"publish","template":"","meta":{"two_page_speed":[],"footnotes":""},"class_list":["post-168","page","type-page","status-publish","hentry"],"_links":{"self":[{"href":"https:\/\/chandranaturopatia.ch\/de\/wp-json\/wp\/v2\/pages\/168","targetHints":{"allow":["GET"]}}],"collection":[{"href":"https:\/\/chandranaturopatia.ch\/de\/wp-json\/wp\/v2\/pages"}],"about":[{"href":"https:\/\/chandranaturopatia.ch\/de\/wp-json\/wp\/v2\/types\/page"}],"replies":[{"embeddable":true,"href":"https:\/\/chandranaturopatia.ch\/de\/wp-json\/wp\/v2\/comments?post=168"}],"version-history":[{"count":0,"href":"https:\/\/chandranaturopatia.ch\/de\/wp-json\/wp\/v2\/pages\/168\/revisions"}],"wp:attachment":[{"href":"https:\/\/chandranaturopatia.ch\/de\/wp-json\/wp\/v2\/media?parent=168"}],"curies":[{"name":"wp","href":"https:\/\/api.w.org\/{rel}","templated":true}]}}